{"id":191,"date":"2019-06-14T16:14:26","date_gmt":"2019-06-14T14:14:26","guid":{"rendered":"http:\/\/firenzegioca.it\/biblioeroi\/?page_id=191"},"modified":"2019-08-26T11:28:19","modified_gmt":"2019-08-26T09:28:19","slug":"cose-un-gioco-di-ruolo-da-tavolo","status":"publish","type":"page","link":"https:\/\/firenzegioca.it\/biblioeroi\/cose-un-gioco-di-ruolo-da-tavolo\/","title":{"rendered":"Cos&#8217;\u00e8 un gioco di ruolo da tavolo"},"content":{"rendered":"<div id=\"pl-191\"  class=\"panel-layout\" ><div id=\"pg-191-0\"  class=\"panel-grid panel-has-style\" ><div class=\"siteorigin-panels-stretch panel-row-style panel-row-style-for-191-0\" data-stretch-type=\"full-stretched\" ><div id=\"pgc-191-0-0\"  class=\"panel-grid-cell\" ><div id=\"panel-191-0-0-0\" class=\"so-panel widget widget_sow-hero panel-first-child panel-last-child\" data-index=\"0\" ><div class=\"so-widget-sow-hero so-widget-sow-hero-default-715b8546d20d-191\"><div class=\"sow-slider-base\" style=\"display: none\"><ul class=\"sow-slider-images\" data-settings=\"{&quot;pagination&quot;:true,&quot;speed&quot;:800,&quot;timeout&quot;:8000,&quot;paused&quot;:false,&quot;pause_on_hover&quot;:false,&quot;swipe&quot;:false,&quot;nav_always_show_desktop&quot;:&quot;&quot;,&quot;nav_always_show_mobile&quot;:&quot;&quot;,&quot;breakpoint&quot;:&quot;780px&quot;}\">\t\t<li class=\"sow-slider-image  sow-slider-image-cover\" style=\"background-color: #333333\" >\n\t\t\t\t\t<div class=\"sow-slider-image-container\">\n\t\t\t<div class=\"sow-slider-image-wrapper\">\n\t\t\t\t<h1 style=\"text-align: center\">Cosa \u00e8 un gioco di ruolo da tavolo?<\/h1>\n\t\t\t<\/div>\n\t\t<\/div>\n\t\t<div class=\"sow-slider-image-overlay sow-slider-image-cover\" style=\"background-image: url(https:\/\/firenzegioca.it\/biblioeroi\/wp-content\/uploads\/2019\/06\/dadi.jpg);opacity: 0.5\"  ><\/div>\t\t<\/li>\n\t\t<\/ul>\t\t\t\t<ol class=\"sow-slider-pagination\">\n\t\t\t\t\t\t\t\t\t\t\t<li><a href=\"#\" data-goto=\"0\" aria-label=\"display slide 1\"><\/a><\/li>\n\t\t\t\t\t\t\t\t\t<\/ol>\n\n\t\t\t\t<div class=\"sow-slide-nav sow-slide-nav-next\">\n\t\t\t\t\t<a href=\"#\" data-goto=\"next\" aria-label=\"next slide\" data-action=\"next\">\n\t\t\t\t\t\t<em class=\"sow-sld-icon-thin-right\"><\/em>\n\t\t\t\t\t<\/a>\n\t\t\t\t<\/div>\n\n\t\t\t\t<div class=\"sow-slide-nav sow-slide-nav-prev\">\n\t\t\t\t\t<a href=\"#\" data-goto=\"previous\" aria-label=\"previous slide\" data-action=\"prev\">\n\t\t\t\t\t\t<em class=\"sow-sld-icon-thin-left\"><\/em>\n\t\t\t\t\t<\/a>\n\t\t\t\t<\/div>\n\t\t\t\t<\/div><\/div><\/div><\/div><\/div><\/div><div id=\"pg-191-1\"  class=\"panel-grid panel-no-style\" ><div id=\"pgc-191-1-0\"  class=\"panel-grid-cell\" ><div id=\"panel-191-1-0-0\" class=\"so-panel widget widget_sow-editor panel-first-child panel-last-child\" data-index=\"1\" ><div class=\"so-widget-sow-editor so-widget-sow-editor-base\">\n<div class=\"siteorigin-widget-tinymce textwidget\">\n\t<p>Wikipedia definisce il<em> \"gioco di ruolo\"<\/em> come:<\/p>\n<blockquote>\n<p>Un <strong>gioco di ruolo<\/strong>, abbreviato spesso in <strong>GDR<\/strong> o RPG (dall'inglese role-playing game), \u00e8 un gioco dove i <strong>giocatori assumono il ruolo di uno o pi\u00f9 personaggi e tramite la conversazione<\/strong> e lo scambio dialettico creano uno spazio immaginario, dove avvengono fatti fittizi, avventurosi, in un'ambientazione narrativa che pu\u00f2 ispirarsi a un romanzo, a un film o a un'altra fonte creativa, storica, realistica come nella vita reale o di pura invenzione. Le regole di un gioco di ruolo indicano come, quando e in che misura, ciascun giocatore pu\u00f2 influenzare lo spazio immaginato.<\/p>\n<\/blockquote>\n<p>Negli ultimi anni il gioco di ruolo si \u00e8 trasformato da passatempo di nicchia a fatto di costume tanto da essere protagonista, ad esempio, di fortunate serie TV quali <em>\"The big bang theory\"<\/em> o pi\u00f9 recentemente <em>\"Stranger Things\"<\/em>.<\/p>\n<\/div>\n<\/div><\/div><\/div><\/div><div id=\"pg-191-2\"  class=\"panel-grid panel-no-style\" ><div id=\"pgc-191-2-0\"  class=\"panel-grid-cell\" ><div id=\"panel-191-2-0-0\" class=\"so-panel widget widget_sow-editor panel-first-child panel-last-child\" data-index=\"2\" ><div class=\"so-widget-sow-editor so-widget-sow-editor-base\"><h3 class=\"widget-title\">Quindi, cosa serve e come funziona?<\/h3>\n<div class=\"siteorigin-widget-tinymce textwidget\">\n\t<p>In modo molto semplice. Normalmente bastano <strong>un gruppo di amici attorno ad un tavolo<\/strong>, qualche <strong>dado<\/strong> a volte di forma strana, come quelli nell'immagine in alto (ma anche carte o nulla in base al gioco), carta, matite e l'ingrediente fondamentale, la <strong>fantasia<\/strong>.<\/p>\n<p>Il <strong>gioco<\/strong> si articola come una sorta di <strong>conversazione<\/strong> nella quale i <strong>giocatori<\/strong> e un <strong>arbitro<\/strong>, si alternano.<strong> I giocatori dicono cosa fanno i loro alter-ego<\/strong>, i veri protagonisti della storia, mentre l'arbitro (chiamato anche Dungeon Master, Custode, Maestro di Cerimonie, Narratore a seconda del gioco) si occupa di <strong>descrivere cosa accade al mondo di gioco<\/strong> e cosa fanno i personaggi che non sono sotto il controllo diretto dei giocatori.<\/p>\n<p>Un po' come guardare un film <strong>ma potendo decidere cosa faranno i protagonisti\u00a0<\/strong>o giocare a\u00a0<strong>World of Warcraft <\/strong>senza per\u00f2 una trama stabilita che limita quello che puoi fare.<\/p>\n<p>Il gioco pu\u00f2 durare una sola sessione, di solito 2 o 3 ore e possono essere riunite in storie pi\u00f9 lunghe ed articolate. Pensate ad una serie TV. La sessione \u00e8 l'equivalente di un episodio, pi\u00f9 episodi formano una stagione (una storia pi\u00f9 articolata) che pu\u00f2 dipanarsi per pi\u00f9 stagioni aggiungendo ogni volta personaggi, particolari, storie e mistero.<\/p>\n<\/div>\n<\/div><\/div><\/div><div id=\"pgc-191-2-1\"  class=\"panel-grid-cell\" ><div id=\"panel-191-2-1-0\" class=\"so-panel widget widget_sow-image panel-first-child\" data-index=\"3\" ><div class=\"so-widget-sow-image so-widget-sow-image-default-4b231843ec72-191\">\n\n<div class=\"sow-image-container\">\n\t\t<img src=\"https:\/\/firenzegioca.it\/biblioeroi\/wp-content\/uploads\/2019\/06\/stranger-things-dnd-752x440-300x176.jpeg\" width=\"300\" height=\"176\" srcset=\"https:\/\/firenzegioca.it\/biblioeroi\/wp-content\/uploads\/2019\/06\/stranger-things-dnd-752x440-300x176.jpeg 300w, https:\/\/firenzegioca.it\/biblioeroi\/wp-content\/uploads\/2019\/06\/stranger-things-dnd-752x440.jpeg 752w\" sizes=\"(max-width: 300px) 100vw, 300px\" title=\"Stranger Things D&amp;D\" alt=\"Strrange D&amp;D\" loading=\"lazy\" \t\tclass=\"so-widget-image\"\/>\n\t<\/div>\n\n<\/div><\/div><div id=\"panel-191-2-1-1\" class=\"so-panel widget widget_sow-editor panel-last-child\" data-index=\"4\" ><div class=\"so-widget-sow-editor so-widget-sow-editor-base\">\n<div class=\"siteorigin-widget-tinymce textwidget\">\n\t<p style=\"text-align: center;\">Mike e gli amici giocano a <strong>Dungeons &amp; Dragons<\/strong> in <strong>Stranger Things<\/strong><\/p>\n<\/div>\n<\/div><\/div><\/div><\/div><div id=\"pg-191-3\"  class=\"panel-grid panel-no-style\" ><div id=\"pgc-191-3-0\"  class=\"panel-grid-cell\" ><div id=\"panel-191-3-0-0\" class=\"so-panel widget widget_sow-image panel-first-child\" data-index=\"5\" ><div class=\"so-widget-sow-image so-widget-sow-image-default-4b231843ec72-191\">\n\n<div class=\"sow-image-container\">\n\t\t<img src=\"https:\/\/firenzegioca.it\/biblioeroi\/wp-content\/uploads\/2019\/06\/sheldon-gdr-300x200.jpg\" width=\"300\" height=\"200\" srcset=\"https:\/\/firenzegioca.it\/biblioeroi\/wp-content\/uploads\/2019\/06\/sheldon-gdr-300x200.jpg 300w, https:\/\/firenzegioca.it\/biblioeroi\/wp-content\/uploads\/2019\/06\/sheldon-gdr-768x513.jpg 768w, https:\/\/firenzegioca.it\/biblioeroi\/wp-content\/uploads\/2019\/06\/sheldon-gdr-272x182.jpg 272w, https:\/\/firenzegioca.it\/biblioeroi\/wp-content\/uploads\/2019\/06\/sheldon-gdr.jpg 800w\" sizes=\"(max-width: 300px) 100vw, 300px\" title=\"The Big Bang Theory D&amp;D\" alt=\"Big Bang D&amp;D\" loading=\"lazy\" \t\tclass=\"so-widget-image\"\/>\n\t<\/div>\n\n<\/div><\/div><div id=\"panel-191-3-0-1\" class=\"so-panel widget widget_sow-editor panel-last-child\" data-index=\"6\" ><div class=\"so-widget-sow-editor so-widget-sow-editor-base\">\n<div class=\"siteorigin-widget-tinymce textwidget\">\n\t<p style=\"text-align: center;\">Sheldon &amp; C. giocano a <strong>Dungeons &amp; Dragons<\/strong> in <strong>The big bang theory<\/strong><\/p>\n<\/div>\n<\/div><\/div><\/div><div id=\"pgc-191-3-1\"  class=\"panel-grid-cell\" ><div id=\"panel-191-3-1-0\" class=\"so-panel widget widget_sow-editor panel-first-child panel-last-child\" data-index=\"7\" ><div class=\"so-widget-sow-editor so-widget-sow-editor-base\"><h3 class=\"widget-title\">Giochi per tutti i gusti<\/h3>\n<div class=\"siteorigin-widget-tinymce textwidget\">\n\t<p>Scorrendo la lista dei giochi in homepage avrai notato che ce ne sono tanti e a volte simili (ad esempio ci sono quattro fantasy in lista, <strong>Dunquora<\/strong>, <strong>D&amp;D<\/strong>,<strong>Dungeon World<\/strong> e <strong>L'ultima torcia<\/strong>), questo perch\u00e9 si differenziano nel regolamento (alcuni pi\u00f9 o meno complicati) e nel modo in cui le storie sono raccontate.<\/p>\n<p>Ma le differenze non si limitano a questo.<\/p>\n<p>In un gioco di ruolo potrete vestire i panni di romantici investigatori noir, spietati cacciatori di alieni o perch\u00e9 no, lupi mannari e vampiri.<\/p>\n<p>Ecco perch\u00e9 tanti giochi diversi, perch\u00e9 ciascuno vi permette di vivere storie dal sapore unico.<\/p>\n<p>Siamo riusciti ad incuriosirvi? Non vi resta che <a href=\"http:\/\/firenzegioca.it\/biblioeroi\/#section-164\">iscrivervi e venire a giocare con noi<\/a>.<\/p>\n<p>Vi aspettiamo!<\/p>\n<\/div>\n<\/div><\/div><\/div><\/div><\/div>","protected":false},"excerpt":{"rendered":"<p>Wikipedia definisce il &#8220;gioco di ruolo&#8221; come: Un gioco di ruolo, abbreviato spesso in GDR o RPG (dall&#8217;inglese role-playing game), \u00e8 un gioco dove i giocatori assumono il ruolo di uno o pi\u00f9 personaggi e tramite la conversazione e lo scambio dialettico creano uno spazio immaginario, dove avvengono fatti fittizi, avventurosi, in un&#8217;ambientazione narrativa che&#8230;<\/p>\n","protected":false},"author":1,"featured_media":0,"parent":0,"menu_order":0,"comment_status":"closed","ping_status":"closed","template":"","meta":[],"yoast_head":"<!-- This site is optimized with the Yoast SEO plugin v15.9.2 - https:\/\/yoast.com\/wordpress\/plugins\/seo\/ -->\n<meta name=\"description\" content=\"Il modo migliore per capirlo \u00e8 giocare con noi, \u00e8 gratis e aperto a tutti. Ma se vuoi sapere come funziona un GDR questa \u00e8 la pagina per te.\" \/>\n<meta name=\"robots\" content=\"index, follow, max-snippet:-1, max-image-preview:large, max-video-preview:-1\" \/>\n<link rel=\"canonical\" href=\"http:\/\/firenzegioca.it\/biblioeroi\/cose-un-gioco-di-ruolo-da-tavolo\/\" \/>\n<meta property=\"og:locale\" content=\"it_IT\" \/>\n<meta property=\"og:type\" content=\"article\" \/>\n<meta property=\"og:title\" content=\"Cos&#039;\u00e8 un gioco di ruolo da tavolo - BiblioEroi\" \/>\n<meta property=\"og:description\" content=\"Il modo migliore per capirlo \u00e8 giocare con noi, \u00e8 gratis e aperto a tutti. Ma se vuoi sapere come funziona un GDR questa \u00e8 la pagina per te.\" \/>\n<meta property=\"og:url\" content=\"http:\/\/firenzegioca.it\/biblioeroi\/cose-un-gioco-di-ruolo-da-tavolo\/\" \/>\n<meta property=\"og:site_name\" content=\"BiblioEroi\" \/>\n<meta property=\"article:modified_time\" content=\"2019-08-26T09:28:19+00:00\" \/>\n<meta property=\"og:image\" content=\"https:\/\/firenzegioca.it\/biblioeroi\/wp-content\/uploads\/2019\/06\/stranger-things-dnd-752x440.jpeg\" \/>\n\t<meta property=\"og:image:width\" content=\"752\" \/>\n\t<meta property=\"og:image:height\" content=\"440\" \/>\n<meta name=\"twitter:card\" content=\"summary_large_image\" \/>\n<meta name=\"twitter:label1\" content=\"Tempo di lettura stimato\">\n\t<meta name=\"twitter:data1\" content=\"3 minuti\">\n<script type=\"application\/ld+json\" class=\"yoast-schema-graph\">{\"@context\":\"https:\/\/schema.org\",\"@graph\":[{\"@type\":\"WebSite\",\"@id\":\"http:\/\/firenzegioca.it\/biblioeroi\/#website\",\"url\":\"http:\/\/firenzegioca.it\/biblioeroi\/\",\"name\":\"BiblioEroi\",\"description\":\"Giochi di Ruolo alla biblioteca di Lastra a Signa\",\"potentialAction\":[{\"@type\":\"SearchAction\",\"target\":\"http:\/\/firenzegioca.it\/biblioeroi\/?s={search_term_string}\",\"query-input\":\"required name=search_term_string\"}],\"inLanguage\":\"it-IT\"},{\"@type\":\"WebPage\",\"@id\":\"http:\/\/firenzegioca.it\/biblioeroi\/cose-un-gioco-di-ruolo-da-tavolo\/#webpage\",\"url\":\"http:\/\/firenzegioca.it\/biblioeroi\/cose-un-gioco-di-ruolo-da-tavolo\/\",\"name\":\"Cos'\\u00e8 un gioco di ruolo da tavolo - BiblioEroi\",\"isPartOf\":{\"@id\":\"http:\/\/firenzegioca.it\/biblioeroi\/#website\"},\"datePublished\":\"2019-06-14T14:14:26+00:00\",\"dateModified\":\"2019-08-26T09:28:19+00:00\",\"description\":\"Il modo migliore per capirlo \\u00e8 giocare con noi, \\u00e8 gratis e aperto a tutti. Ma se vuoi sapere come funziona un GDR questa \\u00e8 la pagina per te.\",\"breadcrumb\":{\"@id\":\"http:\/\/firenzegioca.it\/biblioeroi\/cose-un-gioco-di-ruolo-da-tavolo\/#breadcrumb\"},\"inLanguage\":\"it-IT\",\"potentialAction\":[{\"@type\":\"ReadAction\",\"target\":[\"http:\/\/firenzegioca.it\/biblioeroi\/cose-un-gioco-di-ruolo-da-tavolo\/\"]}]},{\"@type\":\"BreadcrumbList\",\"@id\":\"http:\/\/firenzegioca.it\/biblioeroi\/cose-un-gioco-di-ruolo-da-tavolo\/#breadcrumb\",\"itemListElement\":[{\"@type\":\"ListItem\",\"position\":1,\"item\":{\"@type\":\"WebPage\",\"@id\":\"http:\/\/firenzegioca.it\/biblioeroi\/\",\"url\":\"http:\/\/firenzegioca.it\/biblioeroi\/\",\"name\":\"Home\"}},{\"@type\":\"ListItem\",\"position\":2,\"item\":{\"@type\":\"WebPage\",\"@id\":\"http:\/\/firenzegioca.it\/biblioeroi\/cose-un-gioco-di-ruolo-da-tavolo\/\",\"url\":\"http:\/\/firenzegioca.it\/biblioeroi\/cose-un-gioco-di-ruolo-da-tavolo\/\",\"name\":\"Cos&#8217;\\u00e8 un gioco di ruolo da tavolo\"}}]}]}<\/script>\n<!-- \/ Yoast SEO plugin. -->","_links":{"self":[{"href":"https:\/\/firenzegioca.it\/biblioeroi\/wp-json\/wp\/v2\/pages\/191"}],"collection":[{"href":"https:\/\/firenzegioca.it\/biblioeroi\/wp-json\/wp\/v2\/pages"}],"about":[{"href":"https:\/\/firenzegioca.it\/biblioeroi\/wp-json\/wp\/v2\/types\/page"}],"author":[{"embeddable":true,"href":"https:\/\/firenzegioca.it\/biblioeroi\/wp-json\/wp\/v2\/users\/1"}],"replies":[{"embeddable":true,"href":"https:\/\/firenzegioca.it\/biblioeroi\/wp-json\/wp\/v2\/comments?post=191"}],"version-history":[{"count":26,"href":"https:\/\/firenzegioca.it\/biblioeroi\/wp-json\/wp\/v2\/pages\/191\/revisions"}],"predecessor-version":[{"id":271,"href":"https:\/\/firenzegioca.it\/biblioeroi\/wp-json\/wp\/v2\/pages\/191\/revisions\/271"}],"wp:attachment":[{"href":"https:\/\/firenzegioca.it\/biblioeroi\/wp-json\/wp\/v2\/media?parent=191"}],"curies":[{"name":"wp","href":"https:\/\/api.w.org\/{rel}","templated":true}]}}