{"id":2190,"date":"2022-06-27T22:48:55","date_gmt":"2022-06-27T20:48:55","guid":{"rendered":"https:\/\/firenzegioca.it\/progioco\/?page_id=2190"},"modified":"2023-07-25T22:25:22","modified_gmt":"2023-07-25T20:25:22","slug":"divertimento-educativo-larte-del-far-giocare-edutainment-gamification-didattica-ludica","status":"publish","type":"page","link":"https:\/\/firenzegioca.it\/progioco\/firenzegioca-2022\/divertimento-educativo-larte-del-far-giocare-edutainment-gamification-didattica-ludica\/","title":{"rendered":"Divertimento Educativo: l&#8217;Arte del far giocare. Edutainment, Gamification, Didattica Ludica"},"content":{"rendered":"\n<div class=\"wp-block-image\"><figure class=\"aligncenter size-large\"><img loading=\"lazy\" width=\"1024\" height=\"523\" src=\"https:\/\/firenzegioca.it\/progioco\/wp-content\/uploads\/2022\/06\/Divertimento-educativo2-1024x523.jpg\" alt=\"\" class=\"wp-image-2201\" srcset=\"https:\/\/firenzegioca.it\/progioco\/wp-content\/uploads\/2022\/06\/Divertimento-educativo2-1024x523.jpg 1024w, https:\/\/firenzegioca.it\/progioco\/wp-content\/uploads\/2022\/06\/Divertimento-educativo2-300x153.jpg 300w, https:\/\/firenzegioca.it\/progioco\/wp-content\/uploads\/2022\/06\/Divertimento-educativo2-768x392.jpg 768w, https:\/\/firenzegioca.it\/progioco\/wp-content\/uploads\/2022\/06\/Divertimento-educativo2.jpg 1534w\" sizes=\"(max-width: 1024px) 100vw, 1024px\" \/><\/figure><\/div>\n\n\n\n<h2>Ciclo di seminari e incontri gratuiti con obiettivi formativi per lo sviluppo di competenze nell&#8217;utilizzo dello strumento ludico. <\/h2>\n\n\n\n<h4>Progetto realizzato con il contributo di Fondazione CR Firenze<br><a href=\"http:\/\/www.fondazionecrfirenze.it\/\">\u202fwww.fondazionecrfirenze.it<\/a><\/h4>\n\n\n\n<p><\/p>\n\n\n\n<p>Il gioco \u00e8 spesso sottovalutato o relegato alla sola sfera del divertimento; per gioco si d\u00e0 libero sfogo alla creativit\u00e0, si allenano capacit\u00e0 personali di ogni tipo, si socializza, si impara, si effettuano scoperte. Lo scopo del gioco \u00e8 divertirsi, ma gli \u201ceffetti collaterali\u201d possono essere tanti ed estremamente positivi!<br>Anche quando non si cerca un momento di piacere e distrazione ma ci si pone un fine utile e costruttivo, il ricorso al gioco pu\u00f2 rivelarsi uno strumento potente.<br>E&#8217; questo il comune denominatore del ciclo di seminari di \u201cDivertimento Educativo: l&#8217;arte del far Giocare\u201d, formare ed educare al gioco, perch\u00e8 [far] giocare apre sempre nuovi spazi, fisici e mentali.<\/p>\n\n\n\n<p>Negli incontri si affronteranno temi diversi, su metodo e progettazione, al fine di \u201ceducare al gioco\u201d per insegnare ad utilizzare le leve motivazionali e gli elementi gratificanti nel gioco nella didattica, o per esaltare le life skills personali e di apprendimento dei giovani, o per colmare la mancanza d\u2019interazione nelle famiglie valorizzando il tempo trascorso insieme giocando.<\/p>\n\n\n\n<p>Attraverso il Gioco si possono attivare funzioni e competenze, il gioco crea esperienza e stimola l\u2019apprendimento; attraverso il divertimento, il gioco insegna a ragionare per obiettivi, con chiarezza, in modo etico, innesca relazioni e collaborazioni. Imparare ad apprezzare e valorizzare ci\u00f2 che abbiamo intorno in ottica ludica \u00e8 importante, in ogni contesto e a ogni et\u00e0.<\/p>\n\n\n\n<p>Come sottolineava Umberto Eco nel 2008, il gioco \u00e8 una delle cinque fondamentali necessit\u00e0 dell\u2019uomo assieme al nutrimento, al sonno, all&#8217;affetto e alla conoscenza, cos\u00ec importante da essere riconosciuto a livello mondiale come un diritto, almeno per i minori, sancito dalla Convenzione sui Diritti del Fanciullo.<br>L&#8217;obiettivo \u00e8 quello di portare in evidenza, attraverso le esperienze dei relatori ospiti, professionisti in materia, i tanti valori positivi che trasmette il gioco, divenendo cultura ed educazione.<\/p>\n\n\n\n<div class=\"wp-block-image\"><figure class=\"aligncenter size-large\"><img loading=\"lazy\" width=\"1024\" height=\"523\" src=\"https:\/\/firenzegioca.it\/progioco\/wp-content\/uploads\/2022\/06\/Divertimento-Educativo3-1024x523.jpg\" alt=\"\" class=\"wp-image-2192\" srcset=\"https:\/\/firenzegioca.it\/progioco\/wp-content\/uploads\/2022\/06\/Divertimento-Educativo3-1024x523.jpg 1024w, https:\/\/firenzegioca.it\/progioco\/wp-content\/uploads\/2022\/06\/Divertimento-Educativo3-300x153.jpg 300w, https:\/\/firenzegioca.it\/progioco\/wp-content\/uploads\/2022\/06\/Divertimento-Educativo3-768x392.jpg 768w, https:\/\/firenzegioca.it\/progioco\/wp-content\/uploads\/2022\/06\/Divertimento-Educativo3.jpg 1534w\" sizes=\"(max-width: 1024px) 100vw, 1024px\" \/><\/figure><\/div>\n\n\n\n<p><em>I Seminari si terranno a Firenze, nelle giornate di sabato 24 e domenica 25 settembre presso la Sala Cassandra di FirenzeGioca, padiglione Arsenale in Fortezza da Basso<\/em>.<\/p>\n\n\n\n<p>La partecipazione agli incontri avviene tramite registrazione al form del singolo incontro; \u00e8 gratuita e aperta a tutti e in particolare \u00e8 rivolta a:<\/p>\n\n\n\n<ul><li>volontari di ETS che operano in supporto alla collettivit\u00e0 in ambito ludico\/educativo\/formativo<\/li><li>educatori, maestri e insegnanti, pedagogisti<\/li><li>famiglie che hanno desiderio di trovare gli stimoli necessari a una crescita equilibrata, da condividere con i propri figli.<\/li><\/ul>\n\n\n\n<p><\/p>\n\n\n\n<p><strong>Potete iscrivervi ad uno degli eventi tramite il modulo seguente.<\/strong><\/p>\n\n\n\n<hr class=\"wp-block-separator\"\/>\n\n\n\n<p><strong>PRENOTAZIONI CHIUSE<\/strong><\/p>\n\n\n\n\n\n\n\n<p><\/p>\n","protected":false},"excerpt":{"rendered":"<p>Ciclo di seminari e incontri gratuiti con obiettivi formativi per lo sviluppo di competenze nell&#8217;utilizzo dello strumento ludico. Progetto realizzato con il contributo di Fondazione CR Firenze\u202fwww.fondazionecrfirenze.it Il gioco \u00e8&#8230;<\/p>\n","protected":false},"author":2,"featured_media":0,"parent":4946,"menu_order":0,"comment_status":"closed","ping_status":"closed","template":"","meta":{"_price":"","_stock":"","_tribe_ticket_header":"","_tribe_default_ticket_provider":"","_tribe_ticket_capacity":"0","_ticket_start_date":"","_ticket_end_date":"","_tribe_ticket_show_description":"","_tribe_ticket_show_not_going":false,"_tribe_ticket_use_global_stock":"","_tribe_ticket_global_stock_level":"","_global_stock_mode":"","_global_stock_cap":"","_tribe_rsvp_for_event":"","_tribe_ticket_going_count":"","_tribe_ticket_not_going_count":"","_tribe_tickets_list":[],"_tribe_ticket_has_attendee_info_fields":false,"_EventAllDay":false,"_EventTimezone":"","_EventStartDate":"","_EventEndDate":"","_EventStartDateUTC":"","_EventEndDateUTC":"","_EventShowMap":false,"_EventShowMapLink":false,"_EventURL":"","_EventCost":"","_EventCostDescription":"","_EventCurrencySymbol":"","_EventCurrencyCode":"","_EventCurrencyPosition":"","_EventDateTimeSeparator":"","_EventTimeRangeSeparator":"","_EventOrganizerID":[],"_EventVenueID":0,"_OrganizerEmail":"","_OrganizerPhone":"","_OrganizerWebsite":"","_VenueAddress":"","_VenueCity":"","_VenueCountry":"","_VenueProvince":"","_VenueZip":"","_VenuePhone":"","_VenueURL":"","_VenueStateProvince":"","_VenueLat":"","_VenueLng":""},"yoast_head":"<!-- This site is optimized with the Yoast SEO plugin v19.13 - https:\/\/yoast.com\/wordpress\/plugins\/seo\/ -->\n<title>Divertimento Educativo: l&#039;Arte del far giocare. Edutainment, Gamification, Didattica Ludica - Ludo in Fiera 2025<\/title>\n<meta name=\"robots\" content=\"index, follow, max-snippet:-1, max-image-preview:large, max-video-preview:-1\" \/>\n<link rel=\"canonical\" href=\"https:\/\/firenzegioca.it\/progioco\/firenzegioca-2022\/divertimento-educativo-larte-del-far-giocare-edutainment-gamification-didattica-ludica\/\" \/>\n<meta property=\"og:locale\" content=\"it_IT\" \/>\n<meta property=\"og:type\" content=\"article\" \/>\n<meta property=\"og:title\" content=\"Divertimento Educativo: l&#039;Arte del far giocare. Edutainment, Gamification, Didattica Ludica - Ludo in Fiera 2025\" \/>\n<meta property=\"og:description\" content=\"Ciclo di seminari e incontri gratuiti con obiettivi formativi per lo sviluppo di competenze nell&#8217;utilizzo dello strumento ludico. Progetto realizzato con il contributo di Fondazione CR Firenze\u202fwww.fondazionecrfirenze.it Il gioco \u00e8...\" \/>\n<meta property=\"og:url\" content=\"https:\/\/firenzegioca.it\/progioco\/firenzegioca-2022\/divertimento-educativo-larte-del-far-giocare-edutainment-gamification-didattica-ludica\/\" \/>\n<meta property=\"og:site_name\" content=\"Firenzegioca\" \/>\n<meta property=\"article:modified_time\" content=\"2023-07-25T20:25:22+00:00\" \/>\n<meta property=\"og:image\" content=\"https:\/\/firenzegioca.it\/progioco\/wp-content\/uploads\/2022\/06\/Divertimento-educativo2-1024x523.jpg\" \/>\n<meta name=\"twitter:card\" content=\"summary_large_image\" \/>\n<script type=\"application\/ld+json\" class=\"yoast-schema-graph\">{\"@context\":\"https:\/\/schema.org\",\"@graph\":[{\"@type\":\"WebPage\",\"@id\":\"https:\/\/firenzegioca.it\/progioco\/firenzegioca-2022\/divertimento-educativo-larte-del-far-giocare-edutainment-gamification-didattica-ludica\/\",\"url\":\"https:\/\/firenzegioca.it\/progioco\/firenzegioca-2022\/divertimento-educativo-larte-del-far-giocare-edutainment-gamification-didattica-ludica\/\",\"name\":\"Divertimento Educativo: l'Arte del far giocare. Edutainment, Gamification, Didattica Ludica - Ludo in Fiera 2025\",\"isPartOf\":{\"@id\":\"https:\/\/firenzegioca.it\/progioco\/#website\"},\"datePublished\":\"2022-06-27T20:48:55+00:00\",\"dateModified\":\"2023-07-25T20:25:22+00:00\",\"breadcrumb\":{\"@id\":\"https:\/\/firenzegioca.it\/progioco\/firenzegioca-2022\/divertimento-educativo-larte-del-far-giocare-edutainment-gamification-didattica-ludica\/#breadcrumb\"},\"inLanguage\":\"it-IT\",\"potentialAction\":[{\"@type\":\"ReadAction\",\"target\":[\"https:\/\/firenzegioca.it\/progioco\/firenzegioca-2022\/divertimento-educativo-larte-del-far-giocare-edutainment-gamification-didattica-ludica\/\"]}]},{\"@type\":\"BreadcrumbList\",\"@id\":\"https:\/\/firenzegioca.it\/progioco\/firenzegioca-2022\/divertimento-educativo-larte-del-far-giocare-edutainment-gamification-didattica-ludica\/#breadcrumb\",\"itemListElement\":[{\"@type\":\"ListItem\",\"position\":1,\"name\":\"Home\",\"item\":\"https:\/\/firenzegioca.it\/progioco\/\"},{\"@type\":\"ListItem\",\"position\":2,\"name\":\"FirenzeGioca 2022\",\"item\":\"https:\/\/firenzegioca.it\/progioco\/firenzegioca-2022\/\"},{\"@type\":\"ListItem\",\"position\":3,\"name\":\"Divertimento Educativo: l&#8217;Arte del far giocare. Edutainment, Gamification, Didattica Ludica\"}]},{\"@type\":\"WebSite\",\"@id\":\"https:\/\/firenzegioca.it\/progioco\/#website\",\"url\":\"https:\/\/firenzegioca.it\/progioco\/\",\"name\":\"Firenzegioca\",\"description\":\"E io la fo&#039; giocare!\",\"potentialAction\":[{\"@type\":\"SearchAction\",\"target\":{\"@type\":\"EntryPoint\",\"urlTemplate\":\"https:\/\/firenzegioca.it\/progioco\/?s={search_term_string}\"},\"query-input\":\"required name=search_term_string\"}],\"inLanguage\":\"it-IT\"}]}<\/script>\n<!-- \/ Yoast SEO plugin. -->","yoast_head_json":{"title":"Divertimento Educativo: l'Arte del far giocare. Edutainment, Gamification, Didattica Ludica - Ludo in Fiera 2025","robots":{"index":"index","follow":"follow","max-snippet":"max-snippet:-1","max-image-preview":"max-image-preview:large","max-video-preview":"max-video-preview:-1"},"canonical":"https:\/\/firenzegioca.it\/progioco\/firenzegioca-2022\/divertimento-educativo-larte-del-far-giocare-edutainment-gamification-didattica-ludica\/","og_locale":"it_IT","og_type":"article","og_title":"Divertimento Educativo: l'Arte del far giocare. Edutainment, Gamification, Didattica Ludica - Ludo in Fiera 2025","og_description":"Ciclo di seminari e incontri gratuiti con obiettivi formativi per lo sviluppo di competenze nell&#8217;utilizzo dello strumento ludico. Progetto realizzato con il contributo di Fondazione CR Firenze\u202fwww.fondazionecrfirenze.it Il gioco \u00e8...","og_url":"https:\/\/firenzegioca.it\/progioco\/firenzegioca-2022\/divertimento-educativo-larte-del-far-giocare-edutainment-gamification-didattica-ludica\/","og_site_name":"Firenzegioca","article_modified_time":"2023-07-25T20:25:22+00:00","og_image":[{"url":"https:\/\/firenzegioca.it\/progioco\/wp-content\/uploads\/2022\/06\/Divertimento-educativo2-1024x523.jpg"}],"twitter_card":"summary_large_image","schema":{"@context":"https:\/\/schema.org","@graph":[{"@type":"WebPage","@id":"https:\/\/firenzegioca.it\/progioco\/firenzegioca-2022\/divertimento-educativo-larte-del-far-giocare-edutainment-gamification-didattica-ludica\/","url":"https:\/\/firenzegioca.it\/progioco\/firenzegioca-2022\/divertimento-educativo-larte-del-far-giocare-edutainment-gamification-didattica-ludica\/","name":"Divertimento Educativo: l'Arte del far giocare. Edutainment, Gamification, Didattica Ludica - Ludo in Fiera 2025","isPartOf":{"@id":"https:\/\/firenzegioca.it\/progioco\/#website"},"datePublished":"2022-06-27T20:48:55+00:00","dateModified":"2023-07-25T20:25:22+00:00","breadcrumb":{"@id":"https:\/\/firenzegioca.it\/progioco\/firenzegioca-2022\/divertimento-educativo-larte-del-far-giocare-edutainment-gamification-didattica-ludica\/#breadcrumb"},"inLanguage":"it-IT","potentialAction":[{"@type":"ReadAction","target":["https:\/\/firenzegioca.it\/progioco\/firenzegioca-2022\/divertimento-educativo-larte-del-far-giocare-edutainment-gamification-didattica-ludica\/"]}]},{"@type":"BreadcrumbList","@id":"https:\/\/firenzegioca.it\/progioco\/firenzegioca-2022\/divertimento-educativo-larte-del-far-giocare-edutainment-gamification-didattica-ludica\/#breadcrumb","itemListElement":[{"@type":"ListItem","position":1,"name":"Home","item":"https:\/\/firenzegioca.it\/progioco\/"},{"@type":"ListItem","position":2,"name":"FirenzeGioca 2022","item":"https:\/\/firenzegioca.it\/progioco\/firenzegioca-2022\/"},{"@type":"ListItem","position":3,"name":"Divertimento Educativo: l&#8217;Arte del far giocare. Edutainment, Gamification, Didattica Ludica"}]},{"@type":"WebSite","@id":"https:\/\/firenzegioca.it\/progioco\/#website","url":"https:\/\/firenzegioca.it\/progioco\/","name":"Firenzegioca","description":"E io la fo&#039; giocare!","potentialAction":[{"@type":"SearchAction","target":{"@type":"EntryPoint","urlTemplate":"https:\/\/firenzegioca.it\/progioco\/?s={search_term_string}"},"query-input":"required name=search_term_string"}],"inLanguage":"it-IT"}]}},"_links":{"self":[{"href":"https:\/\/firenzegioca.it\/progioco\/wp-json\/wp\/v2\/pages\/2190"}],"collection":[{"href":"https:\/\/firenzegioca.it\/progioco\/wp-json\/wp\/v2\/pages"}],"about":[{"href":"https:\/\/firenzegioca.it\/progioco\/wp-json\/wp\/v2\/types\/page"}],"author":[{"embeddable":true,"href":"https:\/\/firenzegioca.it\/progioco\/wp-json\/wp\/v2\/users\/2"}],"replies":[{"embeddable":true,"href":"https:\/\/firenzegioca.it\/progioco\/wp-json\/wp\/v2\/comments?post=2190"}],"version-history":[{"count":17,"href":"https:\/\/firenzegioca.it\/progioco\/wp-json\/wp\/v2\/pages\/2190\/revisions"}],"predecessor-version":[{"id":4852,"href":"https:\/\/firenzegioca.it\/progioco\/wp-json\/wp\/v2\/pages\/2190\/revisions\/4852"}],"up":[{"embeddable":true,"href":"https:\/\/firenzegioca.it\/progioco\/wp-json\/wp\/v2\/pages\/4946"}],"wp:attachment":[{"href":"https:\/\/firenzegioca.it\/progioco\/wp-json\/wp\/v2\/media?parent=2190"}],"curies":[{"name":"wp","href":"https:\/\/api.w.org\/{rel}","templated":true}]}}