{"id":2475,"date":"2022-07-20T19:20:08","date_gmt":"2022-07-20T17:20:08","guid":{"rendered":"https:\/\/firenzegioca.it\/progioco\/?page_id=2475"},"modified":"2023-07-25T22:51:17","modified_gmt":"2023-07-25T20:51:17","slug":"game-science-reserch-center","status":"publish","type":"page","link":"https:\/\/firenzegioca.it\/progioco\/firenzegioca-2022\/game-science-reserch-center\/","title":{"rendered":"Game Science Reserch Center"},"content":{"rendered":"\n<figure class=\"wp-block-image size-full\"><img loading=\"lazy\" width=\"771\" height=\"557\" src=\"https:\/\/firenzegioca.it\/progioco\/wp-content\/uploads\/2022\/07\/foto2_GSRC-Leonardo-Boncinelli.jpeg\" alt=\"\" class=\"wp-image-2476\" srcset=\"https:\/\/firenzegioca.it\/progioco\/wp-content\/uploads\/2022\/07\/foto2_GSRC-Leonardo-Boncinelli.jpeg 771w, https:\/\/firenzegioca.it\/progioco\/wp-content\/uploads\/2022\/07\/foto2_GSRC-Leonardo-Boncinelli-300x217.jpeg 300w, https:\/\/firenzegioca.it\/progioco\/wp-content\/uploads\/2022\/07\/foto2_GSRC-Leonardo-Boncinelli-768x555.jpeg 768w\" sizes=\"(max-width: 771px) 100vw, 771px\" \/><\/figure>\n\n\n\n<p>Il Game Science Research Center \u00e8 un centro di ricerca sul gioco che raccoglie accademici e professionisti, allo scopo di promuovere i giochi per l&#8217;apprendimento e il cambiamento sociale. Le competenze del Game Science Research Center vanno dal design di giochi alla formazione degli operatori, dalla raccolta dati e analisi statistica dei dati alla valutazione di impatto e raccomandazione di politiche educative o di cambiamento sociale basate sul gioco.<\/p>\n\n\n\n<figure class=\"wp-block-image size-full\"><img loading=\"lazy\" width=\"1019\" height=\"612\" src=\"https:\/\/firenzegioca.it\/progioco\/wp-content\/uploads\/2022\/07\/foto_GSRC-Leonardo-Boncinelli.jpeg\" alt=\"\" class=\"wp-image-2477\" srcset=\"https:\/\/firenzegioca.it\/progioco\/wp-content\/uploads\/2022\/07\/foto_GSRC-Leonardo-Boncinelli.jpeg 1019w, https:\/\/firenzegioca.it\/progioco\/wp-content\/uploads\/2022\/07\/foto_GSRC-Leonardo-Boncinelli-300x180.jpeg 300w, https:\/\/firenzegioca.it\/progioco\/wp-content\/uploads\/2022\/07\/foto_GSRC-Leonardo-Boncinelli-768x461.jpeg 768w\" sizes=\"(max-width: 1019px) 100vw, 1019px\" \/><\/figure>\n\n\n\n<p>A FirenzeGioca il Game Science Research Center avr\u00e0 uno spazio dove svolger\u00e0 attivit\u00e0 di dimostrazione giochi vari e realizzer\u00e0 incontri, seminari e tavole rotonde proponendo discussioni sui giochi per l&#8217;apprendimento e il cambiamento sociale.<\/p>\n\n\n\n<div class=\"wp-block-image\"><figure class=\"aligncenter size-full is-resized\"><img loading=\"lazy\" src=\"https:\/\/firenzegioca.it\/progioco\/wp-content\/uploads\/2022\/07\/logo_GSRC-Leonardo-Boncinelli-1.png\" alt=\"\" class=\"wp-image-2480\" width=\"375\" height=\"188\" srcset=\"https:\/\/firenzegioca.it\/progioco\/wp-content\/uploads\/2022\/07\/logo_GSRC-Leonardo-Boncinelli-1.png 500w, https:\/\/firenzegioca.it\/progioco\/wp-content\/uploads\/2022\/07\/logo_GSRC-Leonardo-Boncinelli-1-300x150.png 300w\" sizes=\"(max-width: 375px) 100vw, 375px\" \/><\/figure><\/div>\n\n\n\n<figure class=\"wp-block-image size-large\"><img loading=\"lazy\" width=\"1024\" height=\"1024\" src=\"https:\/\/firenzegioca.it\/progioco\/wp-content\/uploads\/2022\/09\/programma_GSRC_post-1024x1024.jpg\" alt=\"\" class=\"wp-image-4467\" srcset=\"https:\/\/firenzegioca.it\/progioco\/wp-content\/uploads\/2022\/09\/programma_GSRC_post-1024x1024.jpg 1024w, https:\/\/firenzegioca.it\/progioco\/wp-content\/uploads\/2022\/09\/programma_GSRC_post-300x300.jpg 300w, https:\/\/firenzegioca.it\/progioco\/wp-content\/uploads\/2022\/09\/programma_GSRC_post-150x150.jpg 150w, https:\/\/firenzegioca.it\/progioco\/wp-content\/uploads\/2022\/09\/programma_GSRC_post-768x768.jpg 768w, https:\/\/firenzegioca.it\/progioco\/wp-content\/uploads\/2022\/09\/programma_GSRC_post-1536x1536.jpg 1536w, https:\/\/firenzegioca.it\/progioco\/wp-content\/uploads\/2022\/09\/programma_GSRC_post-2048x2048.jpg 2048w, https:\/\/firenzegioca.it\/progioco\/wp-content\/uploads\/2022\/09\/programma_GSRC_post-380x380.jpg 380w, https:\/\/firenzegioca.it\/progioco\/wp-content\/uploads\/2022\/09\/programma_GSRC_post-445x445.jpg 445w, https:\/\/firenzegioca.it\/progioco\/wp-content\/uploads\/2022\/09\/programma_GSRC_post-1200x1200.jpg 1200w\" sizes=\"(max-width: 1024px) 100vw, 1024px\" \/><\/figure>\n\n\n\n\n","protected":false},"excerpt":{"rendered":"<p>Il Game Science Research Center \u00e8 un centro di ricerca sul gioco che raccoglie accademici e professionisti, allo scopo di promuovere i giochi per l&#8217;apprendimento e il cambiamento sociale. Le&#8230;<\/p>\n","protected":false},"author":2,"featured_media":0,"parent":4946,"menu_order":0,"comment_status":"closed","ping_status":"closed","template":"","meta":{"_price":"","_stock":"","_tribe_ticket_header":"","_tribe_default_ticket_provider":"","_tribe_ticket_capacity":"0","_ticket_start_date":"","_ticket_end_date":"","_tribe_ticket_show_description":"","_tribe_ticket_show_not_going":false,"_tribe_ticket_use_global_stock":"","_tribe_ticket_global_stock_level":"","_global_stock_mode":"","_global_stock_cap":"","_tribe_rsvp_for_event":"","_tribe_ticket_going_count":"","_tribe_ticket_not_going_count":"","_tribe_tickets_list":[],"_tribe_ticket_has_attendee_info_fields":false,"_EventAllDay":false,"_EventTimezone":"","_EventStartDate":"","_EventEndDate":"","_EventStartDateUTC":"","_EventEndDateUTC":"","_EventShowMap":false,"_EventShowMapLink":false,"_EventURL":"","_EventCost":"","_EventCostDescription":"","_EventCurrencySymbol":"","_EventCurrencyCode":"","_EventCurrencyPosition":"","_EventDateTimeSeparator":"","_EventTimeRangeSeparator":"","_EventOrganizerID":[],"_EventVenueID":0,"_OrganizerEmail":"","_OrganizerPhone":"","_OrganizerWebsite":"","_VenueAddress":"","_VenueCity":"","_VenueCountry":"","_VenueProvince":"","_VenueZip":"","_VenuePhone":"","_VenueURL":"","_VenueStateProvince":"","_VenueLat":"","_VenueLng":""},"yoast_head":"<!-- This site is optimized with the Yoast SEO plugin v19.13 - https:\/\/yoast.com\/wordpress\/plugins\/seo\/ -->\n<title>Game Science Reserch Center - Ludo in Fiera 2025<\/title>\n<meta name=\"robots\" content=\"index, follow, max-snippet:-1, max-image-preview:large, max-video-preview:-1\" \/>\n<link rel=\"canonical\" href=\"https:\/\/firenzegioca.it\/progioco\/firenzegioca-2022\/game-science-reserch-center\/\" \/>\n<meta property=\"og:locale\" content=\"it_IT\" \/>\n<meta property=\"og:type\" content=\"article\" \/>\n<meta property=\"og:title\" content=\"Game Science Reserch Center - Ludo in Fiera 2025\" \/>\n<meta property=\"og:description\" content=\"Il Game Science Research Center \u00e8 un centro di ricerca sul gioco che raccoglie accademici e professionisti, allo scopo di promuovere i giochi per l&#8217;apprendimento e il cambiamento sociale. Le...\" \/>\n<meta property=\"og:url\" content=\"https:\/\/firenzegioca.it\/progioco\/firenzegioca-2022\/game-science-reserch-center\/\" \/>\n<meta property=\"og:site_name\" content=\"Firenzegioca\" \/>\n<meta property=\"article:modified_time\" content=\"2023-07-25T20:51:17+00:00\" \/>\n<meta property=\"og:image\" content=\"https:\/\/firenzegioca.it\/progioco\/wp-content\/uploads\/2022\/07\/foto2_GSRC-Leonardo-Boncinelli.jpeg\" \/>\n<meta name=\"twitter:card\" content=\"summary_large_image\" \/>\n<script type=\"application\/ld+json\" class=\"yoast-schema-graph\">{\"@context\":\"https:\/\/schema.org\",\"@graph\":[{\"@type\":\"WebPage\",\"@id\":\"https:\/\/firenzegioca.it\/progioco\/firenzegioca-2022\/game-science-reserch-center\/\",\"url\":\"https:\/\/firenzegioca.it\/progioco\/firenzegioca-2022\/game-science-reserch-center\/\",\"name\":\"Game Science Reserch Center - Ludo in Fiera 2025\",\"isPartOf\":{\"@id\":\"https:\/\/firenzegioca.it\/progioco\/#website\"},\"datePublished\":\"2022-07-20T17:20:08+00:00\",\"dateModified\":\"2023-07-25T20:51:17+00:00\",\"breadcrumb\":{\"@id\":\"https:\/\/firenzegioca.it\/progioco\/firenzegioca-2022\/game-science-reserch-center\/#breadcrumb\"},\"inLanguage\":\"it-IT\",\"potentialAction\":[{\"@type\":\"ReadAction\",\"target\":[\"https:\/\/firenzegioca.it\/progioco\/firenzegioca-2022\/game-science-reserch-center\/\"]}]},{\"@type\":\"BreadcrumbList\",\"@id\":\"https:\/\/firenzegioca.it\/progioco\/firenzegioca-2022\/game-science-reserch-center\/#breadcrumb\",\"itemListElement\":[{\"@type\":\"ListItem\",\"position\":1,\"name\":\"Home\",\"item\":\"https:\/\/firenzegioca.it\/progioco\/\"},{\"@type\":\"ListItem\",\"position\":2,\"name\":\"FirenzeGioca 2022\",\"item\":\"https:\/\/firenzegioca.it\/progioco\/firenzegioca-2022\/\"},{\"@type\":\"ListItem\",\"position\":3,\"name\":\"Game Science Reserch Center\"}]},{\"@type\":\"WebSite\",\"@id\":\"https:\/\/firenzegioca.it\/progioco\/#website\",\"url\":\"https:\/\/firenzegioca.it\/progioco\/\",\"name\":\"Firenzegioca\",\"description\":\"E io la fo&#039; giocare!\",\"potentialAction\":[{\"@type\":\"SearchAction\",\"target\":{\"@type\":\"EntryPoint\",\"urlTemplate\":\"https:\/\/firenzegioca.it\/progioco\/?s={search_term_string}\"},\"query-input\":\"required name=search_term_string\"}],\"inLanguage\":\"it-IT\"}]}<\/script>\n<!-- \/ Yoast SEO plugin. -->","yoast_head_json":{"title":"Game Science Reserch Center - Ludo in Fiera 2025","robots":{"index":"index","follow":"follow","max-snippet":"max-snippet:-1","max-image-preview":"max-image-preview:large","max-video-preview":"max-video-preview:-1"},"canonical":"https:\/\/firenzegioca.it\/progioco\/firenzegioca-2022\/game-science-reserch-center\/","og_locale":"it_IT","og_type":"article","og_title":"Game Science Reserch Center - Ludo in Fiera 2025","og_description":"Il Game Science Research Center \u00e8 un centro di ricerca sul gioco che raccoglie accademici e professionisti, allo scopo di promuovere i giochi per l&#8217;apprendimento e il cambiamento sociale. Le...","og_url":"https:\/\/firenzegioca.it\/progioco\/firenzegioca-2022\/game-science-reserch-center\/","og_site_name":"Firenzegioca","article_modified_time":"2023-07-25T20:51:17+00:00","og_image":[{"url":"https:\/\/firenzegioca.it\/progioco\/wp-content\/uploads\/2022\/07\/foto2_GSRC-Leonardo-Boncinelli.jpeg"}],"twitter_card":"summary_large_image","schema":{"@context":"https:\/\/schema.org","@graph":[{"@type":"WebPage","@id":"https:\/\/firenzegioca.it\/progioco\/firenzegioca-2022\/game-science-reserch-center\/","url":"https:\/\/firenzegioca.it\/progioco\/firenzegioca-2022\/game-science-reserch-center\/","name":"Game Science Reserch Center - Ludo in Fiera 2025","isPartOf":{"@id":"https:\/\/firenzegioca.it\/progioco\/#website"},"datePublished":"2022-07-20T17:20:08+00:00","dateModified":"2023-07-25T20:51:17+00:00","breadcrumb":{"@id":"https:\/\/firenzegioca.it\/progioco\/firenzegioca-2022\/game-science-reserch-center\/#breadcrumb"},"inLanguage":"it-IT","potentialAction":[{"@type":"ReadAction","target":["https:\/\/firenzegioca.it\/progioco\/firenzegioca-2022\/game-science-reserch-center\/"]}]},{"@type":"BreadcrumbList","@id":"https:\/\/firenzegioca.it\/progioco\/firenzegioca-2022\/game-science-reserch-center\/#breadcrumb","itemListElement":[{"@type":"ListItem","position":1,"name":"Home","item":"https:\/\/firenzegioca.it\/progioco\/"},{"@type":"ListItem","position":2,"name":"FirenzeGioca 2022","item":"https:\/\/firenzegioca.it\/progioco\/firenzegioca-2022\/"},{"@type":"ListItem","position":3,"name":"Game Science Reserch Center"}]},{"@type":"WebSite","@id":"https:\/\/firenzegioca.it\/progioco\/#website","url":"https:\/\/firenzegioca.it\/progioco\/","name":"Firenzegioca","description":"E io la fo&#039; giocare!","potentialAction":[{"@type":"SearchAction","target":{"@type":"EntryPoint","urlTemplate":"https:\/\/firenzegioca.it\/progioco\/?s={search_term_string}"},"query-input":"required name=search_term_string"}],"inLanguage":"it-IT"}]}},"_links":{"self":[{"href":"https:\/\/firenzegioca.it\/progioco\/wp-json\/wp\/v2\/pages\/2475"}],"collection":[{"href":"https:\/\/firenzegioca.it\/progioco\/wp-json\/wp\/v2\/pages"}],"about":[{"href":"https:\/\/firenzegioca.it\/progioco\/wp-json\/wp\/v2\/types\/page"}],"author":[{"embeddable":true,"href":"https:\/\/firenzegioca.it\/progioco\/wp-json\/wp\/v2\/users\/2"}],"replies":[{"embeddable":true,"href":"https:\/\/firenzegioca.it\/progioco\/wp-json\/wp\/v2\/comments?post=2475"}],"version-history":[{"count":6,"href":"https:\/\/firenzegioca.it\/progioco\/wp-json\/wp\/v2\/pages\/2475\/revisions"}],"predecessor-version":[{"id":4468,"href":"https:\/\/firenzegioca.it\/progioco\/wp-json\/wp\/v2\/pages\/2475\/revisions\/4468"}],"up":[{"embeddable":true,"href":"https:\/\/firenzegioca.it\/progioco\/wp-json\/wp\/v2\/pages\/4946"}],"wp:attachment":[{"href":"https:\/\/firenzegioca.it\/progioco\/wp-json\/wp\/v2\/media?parent=2475"}],"curies":[{"name":"wp","href":"https:\/\/api.w.org\/{rel}","templated":true}]}}