{"id":34,"date":"2018-02-23T01:39:38","date_gmt":"2018-02-23T00:39:38","guid":{"rendered":"https:\/\/firenzegioca.it\/progioco\/?page_id=34"},"modified":"2025-06-29T00:47:57","modified_gmt":"2025-06-28T22:47:57","slug":"chi-siamo","status":"publish","type":"page","link":"https:\/\/firenzegioca.it\/progioco\/chi-siamo\/","title":{"rendered":"Progioco"},"content":{"rendered":"\n<p><strong>FirenzeGioca<\/strong> <strong>\u00e8, da 30 anni, la festa fiorentina del gioco per tutti<\/strong>, nata dalla determinazione di un gruppo di persone che amano giocare e amano avere intorno a loro gente di tutte le et\u00e0 che gioca, questo perch\u00e9 il gioco non \u00e8 una cosa da bambini, n\u00e9 una cosa da nerd (termine in voga e sdoganato negli ultimi tempi), ma una cosa che possono fare tutti nei luoghi e nei momenti pi\u00f9 diversi della propria storia personale, unendo le proprie esperienze a quelle degli altri, per creare bellissimi momenti, bellissimi ricordi, bellissime amicizie.<\/p>\n\n\n\n<p>Noi di <strong>ProGioco Firenze<\/strong>, con le nostre iniziative, anche itineranti (in stretta collaborazione con altre associazioni, eventi, biblioteche e ludoteche di buona parte del territorio toscano), proviamo a regalare alla gente divertimento e spensieratezza, in modo intelligente.<\/p>\n\n\n\n<p>L\u2019 <strong>Associazione di promozione sociale Progioco Firenze <\/strong>\u00e8 indipendente, apolitica e apartitica, senza scopo di lucro ed esercita attivit\u00e0 di interesse generale per:<\/p>\n\n\n\n<h2>Diffusione e promozione del gioco<\/h2>\n\n\n\n<p>&#8230;e della cultura ludica in ogni sua forma, <strong>con esclusione del gioco d\u2019azzardo e di tutti quelli incentrati sulle scommesse in denaro<\/strong><\/p>\n\n\n\n<h2>Realizzazione di eventi culturali<\/h2>\n\n\n\n<p>&#8230;destinati a promuovere <strong>l\u2019aggregazione<\/strong>, <strong>l\u2019accoglienza<\/strong>, <strong>l\u2019inclusivit\u00e0<\/strong>, <strong>l\u2019intergenerazionalit\u00e0<\/strong>, la<strong> prevenzione della dispersione scolastica<\/strong> e del <strong>bullismo<\/strong>, a contrastare la povert\u00e0 educativa tramite <strong>forme di ricreazione di qualit\u00e0<\/strong><\/p>\n\n\n\n<h2>Organizzazione di incontri e attivit\u00e0 a carattere ludico e culturale, artistiche o ricreative<\/h2>\n\n\n\n<p>&#8230;di interesse sociale incluse attivit\u00e0, anche editoriali, di promozione e diffusione della cultura e della pratica del volontariato ludico e delle attivit\u00e0 di interesse generale di cui al presente Statuto con finalit\u00e0 educativa, di istruzione e formazione professionale<\/p>\n\n\n\n<p>e molto altro!<\/p>\n\n\n\n<figure class=\"wp-block-image\"><img loading=\"lazy\" width=\"854\" height=\"317\" src=\"https:\/\/firenzegioca.it\/progioco\/wp-content\/uploads\/2018\/02\/visuale2.jpg\" alt=\"\" class=\"wp-image-31\" srcset=\"https:\/\/firenzegioca.it\/progioco\/wp-content\/uploads\/2018\/02\/visuale2.jpg 854w, https:\/\/firenzegioca.it\/progioco\/wp-content\/uploads\/2018\/02\/visuale2-300x111.jpg 300w, https:\/\/firenzegioca.it\/progioco\/wp-content\/uploads\/2018\/02\/visuale2-768x285.jpg 768w\" sizes=\"(max-width: 854px) 100vw, 854px\" \/><\/figure>\n\n\n\n<h3>Lo statuto<\/h3>\n\n\n\n<div class=\"wp-block-file\"><a id=\"wp-block-file--media-8000388c-42ec-4c7a-b53e-a4fd7413b0c1\" href=\"https:\/\/firenzegioca.it\/progioco\/wp-content\/uploads\/2020\/08\/STATUTO-PROGIOCO-FIRENZE-APS-04-01-2020.pdf\">STATUTO PROGIOCO FIRENZE APS 04-01-2020<\/a><a href=\"https:\/\/firenzegioca.it\/progioco\/wp-content\/uploads\/2020\/08\/STATUTO-PROGIOCO-FIRENZE-APS-04-01-2020.pdf\" class=\"wp-block-file__button\" download aria-describedby=\"wp-block-file--media-8000388c-42ec-4c7a-b53e-a4fd7413b0c1\">Download<\/a><\/div>\n\n\n\n<div class=\"wp-block-file\"><a id=\"wp-block-file--media-3b81dd1b-9f6c-49a2-9e8b-e40127d84a1c\" href=\"https:\/\/firenzegioca.it\/progioco\/wp-content\/uploads\/2022\/06\/FG2022-Informativa-Privacy-PROGIOCO.pdf\">FG2022-Informativa-Privacy-PROGIOCO<\/a><a href=\"https:\/\/firenzegioca.it\/progioco\/wp-content\/uploads\/2022\/06\/FG2022-Informativa-Privacy-PROGIOCO.pdf\" class=\"wp-block-file__button\" download aria-describedby=\"wp-block-file--media-3b81dd1b-9f6c-49a2-9e8b-e40127d84a1c\">Download<\/a><\/div>\n\n\n\n<div class=\"wp-block-file\"><a id=\"wp-block-file--media-522beea3-7c3e-48ae-b325-b49cd535ba8c\" href=\"https:\/\/firenzegioca.it\/progioco\/wp-content\/uploads\/2022\/09\/BILANCIO-SOCIALE-PROGIOCO-2021_compressed.pdf\">BILANCIO-SOCIALE-PROGIOCO-2021_compressed<\/a><a href=\"https:\/\/firenzegioca.it\/progioco\/wp-content\/uploads\/2022\/09\/BILANCIO-SOCIALE-PROGIOCO-2021_compressed.pdf\" class=\"wp-block-file__button\" download aria-describedby=\"wp-block-file--media-522beea3-7c3e-48ae-b325-b49cd535ba8c\">Download<\/a><\/div>\n\n\n\n<h3>Trasparenza e sovvenzioni<\/h3>\n\n\n\n<p><a href=\"https:\/\/firenzegioca.it\/progioco\/chi-siamo\/trasparenza\/\">Link<\/a><\/p>\n","protected":false},"excerpt":{"rendered":"<p>FirenzeGioca \u00e8, da 30 anni, la festa fiorentina del gioco per tutti, nata dalla determinazione di un gruppo di persone che amano giocare e amano avere intorno a loro gente&#8230;<\/p>\n","protected":false},"author":1,"featured_media":24,"parent":0,"menu_order":0,"comment_status":"closed","ping_status":"closed","template":"","meta":{"_price":"","_stock":"","_tribe_ticket_header":"","_tribe_default_ticket_provider":"","_tribe_ticket_capacity":"0","_ticket_start_date":"","_ticket_end_date":"","_tribe_ticket_show_description":"","_tribe_ticket_show_not_going":false,"_tribe_ticket_use_global_stock":"","_tribe_ticket_global_stock_level":"","_global_stock_mode":"","_global_stock_cap":"","_tribe_rsvp_for_event":"","_tribe_ticket_going_count":"","_tribe_ticket_not_going_count":"","_tribe_tickets_list":[],"_tribe_ticket_has_attendee_info_fields":false,"_EventAllDay":false,"_EventTimezone":"","_EventStartDate":"","_EventEndDate":"","_EventStartDateUTC":"","_EventEndDateUTC":"","_EventShowMap":false,"_EventShowMapLink":false,"_EventURL":"","_EventCost":"","_EventCostDescription":"","_EventCurrencySymbol":"","_EventCurrencyCode":"","_EventCurrencyPosition":"","_EventDateTimeSeparator":"","_EventTimeRangeSeparator":"","_EventOrganizerID":[],"_EventVenueID":0,"_OrganizerEmail":"","_OrganizerPhone":"","_OrganizerWebsite":"","_VenueAddress":"","_VenueCity":"","_VenueCountry":"","_VenueProvince":"","_VenueZip":"","_VenuePhone":"","_VenueURL":"","_VenueStateProvince":"","_VenueLat":"","_VenueLng":""},"yoast_head":"<!-- This site is optimized with the Yoast SEO plugin v19.13 - https:\/\/yoast.com\/wordpress\/plugins\/seo\/ -->\n<title>Progioco - Ludo in Fiera 2025<\/title>\n<meta name=\"robots\" content=\"index, follow, max-snippet:-1, max-image-preview:large, max-video-preview:-1\" \/>\n<link rel=\"canonical\" href=\"https:\/\/firenzegioca.it\/progioco\/chi-siamo\/\" \/>\n<meta property=\"og:locale\" content=\"it_IT\" \/>\n<meta property=\"og:type\" content=\"article\" \/>\n<meta property=\"og:title\" content=\"Progioco - Ludo in Fiera 2025\" \/>\n<meta property=\"og:description\" content=\"FirenzeGioca \u00e8, da 30 anni, la festa fiorentina del gioco per tutti, nata dalla determinazione di un gruppo di persone che amano giocare e amano avere intorno a loro gente...\" \/>\n<meta property=\"og:url\" content=\"https:\/\/firenzegioca.it\/progioco\/chi-siamo\/\" \/>\n<meta property=\"og:site_name\" content=\"Firenzegioca\" \/>\n<meta property=\"article:modified_time\" content=\"2025-06-28T22:47:57+00:00\" \/>\n<meta property=\"og:image\" content=\"https:\/\/firenzegioca.it\/progioco\/wp-content\/uploads\/2018\/02\/dadi.png\" \/>\n\t<meta property=\"og:image:width\" content=\"851\" \/>\n\t<meta property=\"og:image:height\" content=\"451\" \/>\n\t<meta property=\"og:image:type\" content=\"image\/png\" \/>\n<meta name=\"twitter:card\" content=\"summary_large_image\" \/>\n<script type=\"application\/ld+json\" class=\"yoast-schema-graph\">{\"@context\":\"https:\/\/schema.org\",\"@graph\":[{\"@type\":\"WebPage\",\"@id\":\"https:\/\/firenzegioca.it\/progioco\/chi-siamo\/\",\"url\":\"https:\/\/firenzegioca.it\/progioco\/chi-siamo\/\",\"name\":\"Progioco - Ludo in Fiera 2025\",\"isPartOf\":{\"@id\":\"https:\/\/firenzegioca.it\/progioco\/#website\"},\"datePublished\":\"2018-02-23T00:39:38+00:00\",\"dateModified\":\"2025-06-28T22:47:57+00:00\",\"breadcrumb\":{\"@id\":\"https:\/\/firenzegioca.it\/progioco\/chi-siamo\/#breadcrumb\"},\"inLanguage\":\"it-IT\",\"potentialAction\":[{\"@type\":\"ReadAction\",\"target\":[\"https:\/\/firenzegioca.it\/progioco\/chi-siamo\/\"]}]},{\"@type\":\"BreadcrumbList\",\"@id\":\"https:\/\/firenzegioca.it\/progioco\/chi-siamo\/#breadcrumb\",\"itemListElement\":[{\"@type\":\"ListItem\",\"position\":1,\"name\":\"Home\",\"item\":\"https:\/\/firenzegioca.it\/progioco\/\"},{\"@type\":\"ListItem\",\"position\":2,\"name\":\"Progioco\"}]},{\"@type\":\"WebSite\",\"@id\":\"https:\/\/firenzegioca.it\/progioco\/#website\",\"url\":\"https:\/\/firenzegioca.it\/progioco\/\",\"name\":\"Firenzegioca\",\"description\":\"E io la fo&#039; giocare!\",\"potentialAction\":[{\"@type\":\"SearchAction\",\"target\":{\"@type\":\"EntryPoint\",\"urlTemplate\":\"https:\/\/firenzegioca.it\/progioco\/?s={search_term_string}\"},\"query-input\":\"required name=search_term_string\"}],\"inLanguage\":\"it-IT\"}]}<\/script>\n<!-- \/ Yoast SEO plugin. -->","yoast_head_json":{"title":"Progioco - Ludo in Fiera 2025","robots":{"index":"index","follow":"follow","max-snippet":"max-snippet:-1","max-image-preview":"max-image-preview:large","max-video-preview":"max-video-preview:-1"},"canonical":"https:\/\/firenzegioca.it\/progioco\/chi-siamo\/","og_locale":"it_IT","og_type":"article","og_title":"Progioco - Ludo in Fiera 2025","og_description":"FirenzeGioca \u00e8, da 30 anni, la festa fiorentina del gioco per tutti, nata dalla determinazione di un gruppo di persone che amano giocare e amano avere intorno a loro gente...","og_url":"https:\/\/firenzegioca.it\/progioco\/chi-siamo\/","og_site_name":"Firenzegioca","article_modified_time":"2025-06-28T22:47:57+00:00","og_image":[{"width":851,"height":451,"url":"https:\/\/firenzegioca.it\/progioco\/wp-content\/uploads\/2018\/02\/dadi.png","type":"image\/png"}],"twitter_card":"summary_large_image","schema":{"@context":"https:\/\/schema.org","@graph":[{"@type":"WebPage","@id":"https:\/\/firenzegioca.it\/progioco\/chi-siamo\/","url":"https:\/\/firenzegioca.it\/progioco\/chi-siamo\/","name":"Progioco - Ludo in Fiera 2025","isPartOf":{"@id":"https:\/\/firenzegioca.it\/progioco\/#website"},"datePublished":"2018-02-23T00:39:38+00:00","dateModified":"2025-06-28T22:47:57+00:00","breadcrumb":{"@id":"https:\/\/firenzegioca.it\/progioco\/chi-siamo\/#breadcrumb"},"inLanguage":"it-IT","potentialAction":[{"@type":"ReadAction","target":["https:\/\/firenzegioca.it\/progioco\/chi-siamo\/"]}]},{"@type":"BreadcrumbList","@id":"https:\/\/firenzegioca.it\/progioco\/chi-siamo\/#breadcrumb","itemListElement":[{"@type":"ListItem","position":1,"name":"Home","item":"https:\/\/firenzegioca.it\/progioco\/"},{"@type":"ListItem","position":2,"name":"Progioco"}]},{"@type":"WebSite","@id":"https:\/\/firenzegioca.it\/progioco\/#website","url":"https:\/\/firenzegioca.it\/progioco\/","name":"Firenzegioca","description":"E io la fo&#039; giocare!","potentialAction":[{"@type":"SearchAction","target":{"@type":"EntryPoint","urlTemplate":"https:\/\/firenzegioca.it\/progioco\/?s={search_term_string}"},"query-input":"required name=search_term_string"}],"inLanguage":"it-IT"}]}},"_links":{"self":[{"href":"https:\/\/firenzegioca.it\/progioco\/wp-json\/wp\/v2\/pages\/34"}],"collection":[{"href":"https:\/\/firenzegioca.it\/progioco\/wp-json\/wp\/v2\/pages"}],"about":[{"href":"https:\/\/firenzegioca.it\/progioco\/wp-json\/wp\/v2\/types\/page"}],"author":[{"embeddable":true,"href":"https:\/\/firenzegioca.it\/progioco\/wp-json\/wp\/v2\/users\/1"}],"replies":[{"embeddable":true,"href":"https:\/\/firenzegioca.it\/progioco\/wp-json\/wp\/v2\/comments?post=34"}],"version-history":[{"count":22,"href":"https:\/\/firenzegioca.it\/progioco\/wp-json\/wp\/v2\/pages\/34\/revisions"}],"predecessor-version":[{"id":7171,"href":"https:\/\/firenzegioca.it\/progioco\/wp-json\/wp\/v2\/pages\/34\/revisions\/7171"}],"wp:featuredmedia":[{"embeddable":true,"href":"https:\/\/firenzegioca.it\/progioco\/wp-json\/wp\/v2\/media\/24"}],"wp:attachment":[{"href":"https:\/\/firenzegioca.it\/progioco\/wp-json\/wp\/v2\/media?parent=34"}],"curies":[{"name":"wp","href":"https:\/\/api.w.org\/{rel}","templated":true}]}}