{"id":38,"date":"2018-02-23T01:41:35","date_gmt":"2018-02-23T00:41:35","guid":{"rendered":"https:\/\/firenzegioca.it\/progioco\/?page_id=38"},"modified":"2022-06-14T21:51:06","modified_gmt":"2022-06-14T19:51:06","slug":"contatti","status":"publish","type":"page","link":"https:\/\/firenzegioca.it\/progioco\/firenzegioca-2021\/contatti\/","title":{"rendered":"Contatti \/ Dove siamo"},"content":{"rendered":"\n<h3>Orario della manifestazione<\/h3>\n\n\n\n<ul><li>Sabato 25 Settembre &#8211; dalle 12 alle 24<\/li><li>Domenica 26 Settembre &#8211; dalle 10 alle 19<\/li><\/ul>\n\n\n\n<h2><strong>COME ARRIVARE A FIRENZEGIOCA<\/strong><\/h2>\n\n\n\n<p>FirenzeGioca si tiene al <strong>Tuscany Hall Teatro di Firenze<\/strong>, via Fabrizio De Andr\u00e9 (angolo lungarno Aldo Moro) 50136 \u2013 Firenze<\/p>\n\n\n<div id=\"pl-gb38-69e302327e693\"  class=\"panel-layout\" ><div id=\"pg-gb38-69e302327e693-0\"  class=\"panel-grid panel-no-style\" ><div id=\"pgc-gb38-69e302327e693-0-0\"  class=\"panel-grid-cell\" ><div id=\"panel-gb38-69e302327e693-0-0-0\" class=\"so-panel widget widget_sow-google-map panel-first-child panel-last-child\" data-index=\"0\" ><div\n\t\t\t\n\t\t\tclass=\"so-widget-sow-google-map so-widget-sow-google-map-default-6b23895f316e-38\"\n\t\t\t\n\t\t>\n<div class=\"sow-google-map-canvas\"\n\tstyle=\"\"\n\tid=\"map-canvas-a4c278370fc9d8d24e847047fff82aa9\"\n\tdata-options=\"{&quot;address&quot;:&quot;43.7666664,11.2962151&quot;,&quot;zoom&quot;:17,&quot;mobileZoom&quot;:17,&quot;gestureHandling&quot;:&quot;greedy&quot;,&quot;disableUi&quot;:true,&quot;keepCentered&quot;:false,&quot;markerIcon&quot;:&quot;&quot;,&quot;markersDraggable&quot;:false,&quot;markerAtCenter&quot;:true,&quot;markerInfoDisplay&quot;:&quot;click&quot;,&quot;markerInfoMultiple&quot;:true,&quot;markerPositions&quot;:&quot;&quot;,&quot;mapName&quot;:&quot;&quot;,&quot;mapStyles&quot;:&quot;&quot;,&quot;directions&quot;:&quot;&quot;,&quot;apiKey&quot;:&quot;AIzaSyBo8QXwP0TqSQAS6U4uQd3RArL1FIjzCog&quot;,&quot;breakpoint&quot;:780}\"\n\tdata-fallback-image=\"{&quot;img&quot;:&quot;&quot;}\"><\/div>\n<\/div><\/div><\/div><\/div><\/div>\n\n\n<h3><strong><br>In Auto<\/strong>&nbsp;<\/h3>\n\n\n\n<p>Se arrivi da fuori Firenze l\u2019uscita dell&#8217;autostrada \u00e8 a due passi: \u00e8 quella di Firenze Sud dell&#8217;A1. Dopo essere uscito dal casello percorri tutto il raccordo e alla fine svolta a sinistra al semaforo che trovi in fondo.<br><br>Il Tuscany Hall si trova lungo la strada dopo circa 300 metri, subito dopo la rotonda&nbsp; con la statua dell&#8217; Uomo della Pioggia di Folon.&nbsp;<br><br>Se inserisci <strong>Tuscany Hall<\/strong> nel navigatore non puoi comunque sbagliare!&nbsp;<br><br>Intorno ci sono molte zone pubbliche dove parcheggiare: parcheggio davanti alla Rai, sul Lungarno, lungo via Aretina o Via di Varlungo. Ricorda che le strisce bianche sono per i residenti, mentre quelle blu il sabato sono a pagamento (fino alle 20:00) mentre la domenica sono gratuite.<br><br>Il Teatro dispone anche di un suo parcheggio, con oltre 100 posti auto, al costo di 3\u20ac al giorno; ci si accede direttamente da Via Fabrizio de Andr\u00e8.<\/p>\n\n\n\n<h3><strong>In Autobus e Treno<\/strong>&nbsp;<\/h3>\n\n\n\n<p>Dalla stazione di Firenze Santa Maria Novella puoi prendere l&#8217;autobus 14 direzione Varlungo e scendere alla fermata \u201cAretina Monzani\u201d o a quella successiva \u201cCasaccia\u201d (circa 20&#8242; dalla stazione di Santa Maria Novella).<br><br>Se invece sei in zona Campo di Marte puoi prendere l&#8217;autobus 20, che passa dallo Stadio, e scendere alla fermata &#8220;Calasso Centro Commerciale&#8221; davanti all&#8217;Esselunga del Gignoro.<br>Da l\u00ec, a piedi, passa sotto alla ferrovia e vai sempre dritto verso l&#8217;Arno e sei arrivato.<br><br>C&#8217;\u00e8 anche la possibilit\u00e0 di arrivare direttamente in treno scendendo a Firenze Rovezzano e seguendo via Aretina verso destra; \u00e8 poco pi\u00f9 di un chilometro, oppure davanti alla stazione lungo via aretina passa l\u2019autobus 14 in direzione Santa Maria Maggiore: scendi alla fermata &#8220;Aretina Casaccia&#8221;.&nbsp;<\/p>\n\n\n\n<h3><strong>In Bicicletta<\/strong><\/h3>\n\n\n\n<p>Il Tuscany Hall \u00e8 collegato al centro storico da una comodissima pista ciclabile che fiancheggia l\u2019Arno, da Ponte Vecchio direttamente al Teatro; \u00e8 impossibile sbagliarsi e nelle immediate vicinanze sono presenti molte rastrelliere.&nbsp;&nbsp;<\/p>\n\n\n\n<h3><strong>In Taxi<\/strong>&nbsp;<\/h3>\n\n\n\n<p>Puoi prenotare o chiamare direttamente un taxi di una delle due compagnie attive a Firenze:<br>&#8211; Radio Taxi Cotafi 055-43.90&nbsp;<br>&#8211; Radio Taxi Socota 055-42.42&nbsp;<br><br>Una volta salito sul taxi ti baster\u00e0 chiedere all&#8217;autista di portarti al Tuscany Hall e goderti il viaggio.&nbsp;<\/p>\n\n\n\n<h3><strong>In Aereo<\/strong><\/h3>\n\n\n\n<p>L\u2019aeroporto di Firenze Peretola si trova a circa mezz\u2019ora d\u2019auto; da l\u00ec potrai noleggiare un\u2019auto o prendere un taxi (vedi sopra) oppure prendere la tranvia che collega direttamente alla stazione di Firenze Santa Maria Novella e da l\u00ec seguire le istruzioni della sezione In Autobus e Treno.&nbsp;Oppure puoi noleggiare un\u2019auto se hai intenzione anche di goderti un<br><\/p>\n\n\n\n<h3><strong>In Canoa o barca a remi, o nave o sommergibile<\/strong><\/h3>\n\n\n\n<p>Il Tuscany Hall si trova direttamente lungo l&#8217;Arno: anche se lo sconsigliamo fortemente puoi arrivare via fiume, se disponi di un&#8217;imbarcazione adeguata; una volta attraccato lungo la riva devi solo trovare un punto in cui risalire l&#8217;argine, ma ce ne sono diversi.<\/p>\n\n\n\n<p>Ricordiamo che \u00e8 vietata e sconsigliata la balneazione, astieniti quindi di venire a nuoto. &nbsp;<br><\/p>\n\n\n\n<h2>Vuoi contattarci?<\/h2>\n\n\n\n<p>La nostra pagina Facebook: <a href=\"https:\/\/www.facebook.com\/FirenzeGioca\/\">https:\/\/www.facebook.com\/FirenzeGioca\/<\/a><\/p>\n\n\n\n<p>e-mail: <a href=\"mailto:progiocoaps@firenzegioca.it\">progiocoaps@firenzegioca.it<\/a><\/p>\n","protected":false},"excerpt":{"rendered":"<p>Orario della manifestazione Sabato 25 Settembre &#8211; dalle 12 alle 24 Domenica 26 Settembre &#8211; dalle 10 alle 19 COME ARRIVARE A FIRENZEGIOCA FirenzeGioca si tiene al Tuscany Hall Teatro&#8230;<\/p>\n","protected":false},"author":1,"featured_media":0,"parent":2069,"menu_order":0,"comment_status":"closed","ping_status":"closed","template":"","meta":{"_price":"","_stock":"","_tribe_ticket_header":"","_tribe_default_ticket_provider":"","_tribe_ticket_capacity":"0","_ticket_start_date":"","_ticket_end_date":"","_tribe_ticket_show_description":"","_tribe_ticket_show_not_going":false,"_tribe_ticket_use_global_stock":"","_tribe_ticket_global_stock_level":"","_global_stock_mode":"","_global_stock_cap":"","_tribe_rsvp_for_event":"","_tribe_ticket_going_count":"","_tribe_ticket_not_going_count":"","_tribe_tickets_list":[],"_tribe_ticket_has_attendee_info_fields":false,"_EventAllDay":false,"_EventTimezone":"","_EventStartDate":"","_EventEndDate":"","_EventStartDateUTC":"","_EventEndDateUTC":"","_EventShowMap":false,"_EventShowMapLink":false,"_EventURL":"","_EventCost":"","_EventCostDescription":"","_EventCurrencySymbol":"","_EventCurrencyCode":"","_EventCurrencyPosition":"","_EventDateTimeSeparator":"","_EventTimeRangeSeparator":"","_EventOrganizerID":[],"_EventVenueID":0,"_OrganizerEmail":"","_OrganizerPhone":"","_OrganizerWebsite":"","_VenueAddress":"","_VenueCity":"","_VenueCountry":"","_VenueProvince":"","_VenueZip":"","_VenuePhone":"","_VenueURL":"","_VenueStateProvince":"","_VenueLat":"","_VenueLng":""},"yoast_head":"<!-- This site is optimized with the Yoast SEO plugin v19.13 - https:\/\/yoast.com\/wordpress\/plugins\/seo\/ -->\n<title>Contatti \/ Dove siamo - Ludo in Fiera 2025<\/title>\n<meta name=\"robots\" content=\"index, follow, max-snippet:-1, max-image-preview:large, max-video-preview:-1\" \/>\n<link rel=\"canonical\" href=\"https:\/\/firenzegioca.it\/progioco\/firenzegioca-2021\/contatti\/\" \/>\n<meta property=\"og:locale\" content=\"it_IT\" \/>\n<meta property=\"og:type\" content=\"article\" \/>\n<meta property=\"og:title\" content=\"Contatti \/ Dove siamo - Ludo in Fiera 2025\" \/>\n<meta property=\"og:description\" content=\"Orario della manifestazione Sabato 25 Settembre &#8211; dalle 12 alle 24 Domenica 26 Settembre &#8211; dalle 10 alle 19 COME ARRIVARE A FIRENZEGIOCA FirenzeGioca si tiene al Tuscany Hall Teatro...\" \/>\n<meta property=\"og:url\" content=\"https:\/\/firenzegioca.it\/progioco\/firenzegioca-2021\/contatti\/\" \/>\n<meta property=\"og:site_name\" content=\"Firenzegioca\" \/>\n<meta property=\"article:modified_time\" content=\"2022-06-14T19:51:06+00:00\" \/>\n<meta property=\"og:image\" content=\"https:\/\/firenzegioca.it\/progioco\/wp-content\/uploads\/2025\/09\/ludoinfiera-2025-banner-web-2.jpg\" \/>\n\t<meta property=\"og:image:width\" content=\"2560\" \/>\n\t<meta property=\"og:image:height\" content=\"1207\" \/>\n\t<meta property=\"og:image:type\" content=\"image\/jpeg\" \/>\n<meta name=\"twitter:card\" content=\"summary_large_image\" \/>\n<script type=\"application\/ld+json\" class=\"yoast-schema-graph\">{\"@context\":\"https:\/\/schema.org\",\"@graph\":[{\"@type\":\"WebPage\",\"@id\":\"https:\/\/firenzegioca.it\/progioco\/firenzegioca-2021\/contatti\/\",\"url\":\"https:\/\/firenzegioca.it\/progioco\/firenzegioca-2021\/contatti\/\",\"name\":\"Contatti \/ Dove siamo - Ludo in Fiera 2025\",\"isPartOf\":{\"@id\":\"https:\/\/firenzegioca.it\/progioco\/#website\"},\"datePublished\":\"2018-02-23T00:41:35+00:00\",\"dateModified\":\"2022-06-14T19:51:06+00:00\",\"breadcrumb\":{\"@id\":\"https:\/\/firenzegioca.it\/progioco\/firenzegioca-2021\/contatti\/#breadcrumb\"},\"inLanguage\":\"it-IT\",\"potentialAction\":[{\"@type\":\"ReadAction\",\"target\":[\"https:\/\/firenzegioca.it\/progioco\/firenzegioca-2021\/contatti\/\"]}]},{\"@type\":\"BreadcrumbList\",\"@id\":\"https:\/\/firenzegioca.it\/progioco\/firenzegioca-2021\/contatti\/#breadcrumb\",\"itemListElement\":[{\"@type\":\"ListItem\",\"position\":1,\"name\":\"Home\",\"item\":\"https:\/\/firenzegioca.it\/progioco\/\"},{\"@type\":\"ListItem\",\"position\":2,\"name\":\"FirenzeGioca 2021\",\"item\":\"https:\/\/firenzegioca.it\/progioco\/firenzegioca-2021\/\"},{\"@type\":\"ListItem\",\"position\":3,\"name\":\"Contatti \/ Dove siamo\"}]},{\"@type\":\"WebSite\",\"@id\":\"https:\/\/firenzegioca.it\/progioco\/#website\",\"url\":\"https:\/\/firenzegioca.it\/progioco\/\",\"name\":\"Firenzegioca\",\"description\":\"E io la fo&#039; giocare!\",\"potentialAction\":[{\"@type\":\"SearchAction\",\"target\":{\"@type\":\"EntryPoint\",\"urlTemplate\":\"https:\/\/firenzegioca.it\/progioco\/?s={search_term_string}\"},\"query-input\":\"required name=search_term_string\"}],\"inLanguage\":\"it-IT\"}]}<\/script>\n<!-- \/ Yoast SEO plugin. -->","yoast_head_json":{"title":"Contatti \/ Dove siamo - Ludo in Fiera 2025","robots":{"index":"index","follow":"follow","max-snippet":"max-snippet:-1","max-image-preview":"max-image-preview:large","max-video-preview":"max-video-preview:-1"},"canonical":"https:\/\/firenzegioca.it\/progioco\/firenzegioca-2021\/contatti\/","og_locale":"it_IT","og_type":"article","og_title":"Contatti \/ Dove siamo - Ludo in Fiera 2025","og_description":"Orario della manifestazione Sabato 25 Settembre &#8211; dalle 12 alle 24 Domenica 26 Settembre &#8211; dalle 10 alle 19 COME ARRIVARE A FIRENZEGIOCA FirenzeGioca si tiene al Tuscany Hall Teatro...","og_url":"https:\/\/firenzegioca.it\/progioco\/firenzegioca-2021\/contatti\/","og_site_name":"Firenzegioca","article_modified_time":"2022-06-14T19:51:06+00:00","og_image":[{"width":2560,"height":1207,"url":"https:\/\/firenzegioca.it\/progioco\/wp-content\/uploads\/2025\/09\/ludoinfiera-2025-banner-web-2.jpg","type":"image\/jpeg"}],"twitter_card":"summary_large_image","schema":{"@context":"https:\/\/schema.org","@graph":[{"@type":"WebPage","@id":"https:\/\/firenzegioca.it\/progioco\/firenzegioca-2021\/contatti\/","url":"https:\/\/firenzegioca.it\/progioco\/firenzegioca-2021\/contatti\/","name":"Contatti \/ Dove siamo - Ludo in Fiera 2025","isPartOf":{"@id":"https:\/\/firenzegioca.it\/progioco\/#website"},"datePublished":"2018-02-23T00:41:35+00:00","dateModified":"2022-06-14T19:51:06+00:00","breadcrumb":{"@id":"https:\/\/firenzegioca.it\/progioco\/firenzegioca-2021\/contatti\/#breadcrumb"},"inLanguage":"it-IT","potentialAction":[{"@type":"ReadAction","target":["https:\/\/firenzegioca.it\/progioco\/firenzegioca-2021\/contatti\/"]}]},{"@type":"BreadcrumbList","@id":"https:\/\/firenzegioca.it\/progioco\/firenzegioca-2021\/contatti\/#breadcrumb","itemListElement":[{"@type":"ListItem","position":1,"name":"Home","item":"https:\/\/firenzegioca.it\/progioco\/"},{"@type":"ListItem","position":2,"name":"FirenzeGioca 2021","item":"https:\/\/firenzegioca.it\/progioco\/firenzegioca-2021\/"},{"@type":"ListItem","position":3,"name":"Contatti \/ Dove siamo"}]},{"@type":"WebSite","@id":"https:\/\/firenzegioca.it\/progioco\/#website","url":"https:\/\/firenzegioca.it\/progioco\/","name":"Firenzegioca","description":"E io la fo&#039; giocare!","potentialAction":[{"@type":"SearchAction","target":{"@type":"EntryPoint","urlTemplate":"https:\/\/firenzegioca.it\/progioco\/?s={search_term_string}"},"query-input":"required name=search_term_string"}],"inLanguage":"it-IT"}]}},"_links":{"self":[{"href":"https:\/\/firenzegioca.it\/progioco\/wp-json\/wp\/v2\/pages\/38"}],"collection":[{"href":"https:\/\/firenzegioca.it\/progioco\/wp-json\/wp\/v2\/pages"}],"about":[{"href":"https:\/\/firenzegioca.it\/progioco\/wp-json\/wp\/v2\/types\/page"}],"author":[{"embeddable":true,"href":"https:\/\/firenzegioca.it\/progioco\/wp-json\/wp\/v2\/users\/1"}],"replies":[{"embeddable":true,"href":"https:\/\/firenzegioca.it\/progioco\/wp-json\/wp\/v2\/comments?post=38"}],"version-history":[{"count":10,"href":"https:\/\/firenzegioca.it\/progioco\/wp-json\/wp\/v2\/pages\/38\/revisions"}],"predecessor-version":[{"id":1785,"href":"https:\/\/firenzegioca.it\/progioco\/wp-json\/wp\/v2\/pages\/38\/revisions\/1785"}],"up":[{"embeddable":true,"href":"https:\/\/firenzegioca.it\/progioco\/wp-json\/wp\/v2\/pages\/2069"}],"wp:attachment":[{"href":"https:\/\/firenzegioca.it\/progioco\/wp-json\/wp\/v2\/media?parent=38"}],"curies":[{"name":"wp","href":"https:\/\/api.w.org\/{rel}","templated":true}]}}