{"id":453,"date":"2021-08-31T11:00:57","date_gmt":"2021-08-31T09:00:57","guid":{"rendered":"https:\/\/firenzegioca.it\/progioco\/?page_id=453"},"modified":"2024-06-19T11:22:06","modified_gmt":"2024-06-19T09:22:06","slug":"la-manifestazione","status":"publish","type":"page","link":"https:\/\/firenzegioca.it\/progioco\/la-manifestazione\/","title":{"rendered":"Firenzegioca"},"content":{"rendered":"\n<figure class=\"wp-block-image size-large\"><img src=\"https:\/\/firenzegioca.it\/progioco\/wp-content\/uploads\/2021\/08\/09-Panoramica-2010-1024x768.jpg\" alt=\"\" class=\"wp-image-459\"\/><\/figure>\n\n\n<p>FIRENZEGIOCA torna a riaccendere i riflettori nella sua sede d\u2019elezione, il <strong>Teatro Tuscany Hall<\/strong>. La rassegna presenta tre importanti livelli espositivi, per <strong>oltre 4.000 mq complessivi di superficie<\/strong>: quello interno sar\u00e0 tradizionalmente dedicato ai <strong>giochi di societ\u00e0 e di ruolo<\/strong>, con un\u2019<strong>enorme ludoteca<\/strong> e la partecipazione degli <strong>espositori<\/strong> di settore, cittadini e nazionali; gli altri, nel verde giardino e negli spazi attrezzati all&#8217;esterno, saranno dedicati alle <strong>famiglie<\/strong>, con il <strong>Festival del Buon Sollazzo<\/strong> e i suoi <strong>150 giochi artigianali<\/strong>, <strong>eventi<\/strong> speciali,<strong> live action games<\/strong>, <strong>rievocazioni<\/strong> e <strong>raduni<\/strong>.<\/p>\n<p>Tutta l\u2019area esterna, gi\u00e0 notevolmente ampliata nelle ultime edizioni per sostenere la crescita della manifestazione, sar\u00e0 ancor pi\u00f9 estesa e sviluppata, in ottica di <a href=\"https:\/\/firenzegioca.it\/progioco\/misure-anti-covid-19\/\"><strong>evento sicuro<\/strong> <strong>realizzato in pieno rispetto delle normative anti-contagio<\/strong><\/a>.<\/p>\n<p>L\u2019afflusso sar\u00e0 contingentato e ogni attivit\u00e0 monitorata, con adeguamento costante alle misure previste.<\/p>\n\n\n<figure class=\"wp-block-image size-large\"><img src=\"https:\/\/firenzegioca.it\/progioco\/wp-content\/uploads\/2021\/08\/07-Ludoteca-Gamers-1024x768.jpg\" alt=\"\" class=\"wp-image-460\"\/><\/figure>\n\n\n\n<h2>Cos&#8217;\u00e8 Firenzegioca<\/h2>\n\n\n\n<h4>La festa del gioco per tutti<\/h4>\n\n\n\n<p>FIRENZEGIOCA \u00e8 una kermesse colorata e fantasiosa dove gli spettatori sono protagonisti dell\u2019evento stesso, tra centinaia di giochi e iniziative diverse, dimostrazioni, concorsi, anteprime, laboratori; \u00e8 la festa del gioco per tutti, un grande evento per tutte le et\u00e0 e per ogni tipo di passione che si svolge all&#8217;insegna della socialit\u00e0, dello svago intergenerazionale e della massima sicurezza. La 20ma edizione<strong> si terr\u00e0 il 25\/26 settembre prossimi al Tuscany Hall Teatro di Firenze<\/strong>.<\/p>\n\n\n\n<figure class=\"wp-block-image size-large\"><img loading=\"lazy\" width=\"1024\" height=\"722\" src=\"https:\/\/firenzegioca.it\/progioco\/wp-content\/uploads\/2021\/08\/Copia-di-T-Ssssssshirt-1024x722.jpg\" alt=\"\" class=\"wp-image-458\" srcset=\"https:\/\/firenzegioca.it\/progioco\/wp-content\/uploads\/2021\/08\/Copia-di-T-Ssssssshirt-1024x722.jpg 1024w, https:\/\/firenzegioca.it\/progioco\/wp-content\/uploads\/2021\/08\/Copia-di-T-Ssssssshirt-300x211.jpg 300w, https:\/\/firenzegioca.it\/progioco\/wp-content\/uploads\/2021\/08\/Copia-di-T-Ssssssshirt-768x541.jpg 768w, https:\/\/firenzegioca.it\/progioco\/wp-content\/uploads\/2021\/08\/Copia-di-T-Ssssssshirt-1536x1083.jpg 1536w, https:\/\/firenzegioca.it\/progioco\/wp-content\/uploads\/2021\/08\/Copia-di-T-Ssssssshirt-2048x1443.jpg 2048w\" sizes=\"(max-width: 1024px) 100vw, 1024px\" \/><\/figure>\n\n\n\n<h2>Firenzegioca e io la fo giocare!<\/h2>\n\n\n\n<h4>Lo slogan che ci accompagna da sempre<\/h4>\n\n\n\n<p>\u201cFIRENZEGIOCA e io la fo giocare\u201d \u00e8 lo slogan che testimonia l&#8217;orgoglio di<br>centinaia di volontari, giocatori e associazioni ludiche che sono l&#8217;anima della manifestazione e che credono fermamente che questa debba tornare in auge. Il progetto prende vita negli anni &#8217;90 come momento di ritrovo dei primi appassionati giocatori fiorentini fino a diventare un appuntamento di prestigio tra le manifestazioni nazionali.<\/p>\n\n\n\n<hr class=\"wp-block-separator\"\/>\n\n\n\n<h2 id=\"block-89643201-391f-4567-bc28-4f9eb6c84193\">Vuoi aiutarci a realizzare il pi\u00f9 bel Firenzegioca di sempre?<\/h2>\n\n\n\n<p id=\"block-aa783882-309e-43e5-a662-f5e9108c734b\"><strong>Cerchiamo volontari<\/strong>, se sei interessat\u018f troverai&nbsp;<a href=\"https:\/\/firenzegioca.it\/progioco\/2021\/08\/17\/diventa-volontario-firenzegioca-2021\/\">qui<\/a>&nbsp;tutte le informazioni!<\/p>\n","protected":false},"excerpt":{"rendered":"<p>FIRENZEGIOCA torna a riaccendere i riflettori nella sua sede d\u2019elezione, il Teatro Tuscany Hall. La rassegna presenta tre importanti livelli espositivi, per oltre 4.000 mq complessivi di superficie: quello interno&#8230;<\/p>\n","protected":false},"author":2,"featured_media":0,"parent":0,"menu_order":0,"comment_status":"closed","ping_status":"closed","template":"","meta":{"_price":"","_stock":"","_tribe_ticket_header":"","_tribe_default_ticket_provider":"","_tribe_ticket_capacity":"0","_ticket_start_date":"","_ticket_end_date":"","_tribe_ticket_show_description":"","_tribe_ticket_show_not_going":false,"_tribe_ticket_use_global_stock":"","_tribe_ticket_global_stock_level":"","_global_stock_mode":"","_global_stock_cap":"","_tribe_rsvp_for_event":"","_tribe_ticket_going_count":"","_tribe_ticket_not_going_count":"","_tribe_tickets_list":[],"_tribe_ticket_has_attendee_info_fields":false,"_EventAllDay":false,"_EventTimezone":"","_EventStartDate":"","_EventEndDate":"","_EventStartDateUTC":"","_EventEndDateUTC":"","_EventShowMap":false,"_EventShowMapLink":false,"_EventURL":"","_EventCost":"","_EventCostDescription":"","_EventCurrencySymbol":"","_EventCurrencyCode":"","_EventCurrencyPosition":"","_EventDateTimeSeparator":"","_EventTimeRangeSeparator":"","_EventOrganizerID":[],"_EventVenueID":0,"_OrganizerEmail":"","_OrganizerPhone":"","_OrganizerWebsite":"","_VenueAddress":"","_VenueCity":"","_VenueCountry":"","_VenueProvince":"","_VenueZip":"","_VenuePhone":"","_VenueURL":"","_VenueStateProvince":"","_VenueLat":"","_VenueLng":""},"yoast_head":"<!-- This site is optimized with the Yoast SEO plugin v19.13 - https:\/\/yoast.com\/wordpress\/plugins\/seo\/ -->\n<title>Firenzegioca - Ludo in Fiera 2025<\/title>\n<meta name=\"robots\" content=\"index, follow, max-snippet:-1, max-image-preview:large, max-video-preview:-1\" \/>\n<link rel=\"canonical\" href=\"https:\/\/firenzegioca.it\/progioco\/la-manifestazione\/\" \/>\n<meta property=\"og:locale\" content=\"it_IT\" \/>\n<meta property=\"og:type\" content=\"article\" \/>\n<meta property=\"og:title\" content=\"Firenzegioca - Ludo in Fiera 2025\" \/>\n<meta property=\"og:description\" content=\"FIRENZEGIOCA torna a riaccendere i riflettori nella sua sede d\u2019elezione, il Teatro Tuscany Hall. La rassegna presenta tre importanti livelli espositivi, per oltre 4.000 mq complessivi di superficie: quello interno...\" \/>\n<meta property=\"og:url\" content=\"https:\/\/firenzegioca.it\/progioco\/la-manifestazione\/\" \/>\n<meta property=\"og:site_name\" content=\"Firenzegioca\" \/>\n<meta property=\"article:modified_time\" content=\"2024-06-19T09:22:06+00:00\" \/>\n<meta property=\"og:image\" content=\"https:\/\/firenzegioca.it\/progioco\/wp-content\/uploads\/2021\/08\/09-Panoramica-2010-1024x768.jpg\" \/>\n<meta name=\"twitter:card\" content=\"summary_large_image\" \/>\n<script type=\"application\/ld+json\" class=\"yoast-schema-graph\">{\"@context\":\"https:\/\/schema.org\",\"@graph\":[{\"@type\":\"WebPage\",\"@id\":\"https:\/\/firenzegioca.it\/progioco\/la-manifestazione\/\",\"url\":\"https:\/\/firenzegioca.it\/progioco\/la-manifestazione\/\",\"name\":\"Firenzegioca - Ludo in Fiera 2025\",\"isPartOf\":{\"@id\":\"https:\/\/firenzegioca.it\/progioco\/#website\"},\"datePublished\":\"2021-08-31T09:00:57+00:00\",\"dateModified\":\"2024-06-19T09:22:06+00:00\",\"breadcrumb\":{\"@id\":\"https:\/\/firenzegioca.it\/progioco\/la-manifestazione\/#breadcrumb\"},\"inLanguage\":\"it-IT\",\"potentialAction\":[{\"@type\":\"ReadAction\",\"target\":[\"https:\/\/firenzegioca.it\/progioco\/la-manifestazione\/\"]}]},{\"@type\":\"BreadcrumbList\",\"@id\":\"https:\/\/firenzegioca.it\/progioco\/la-manifestazione\/#breadcrumb\",\"itemListElement\":[{\"@type\":\"ListItem\",\"position\":1,\"name\":\"Home\",\"item\":\"https:\/\/firenzegioca.it\/progioco\/\"},{\"@type\":\"ListItem\",\"position\":2,\"name\":\"Firenzegioca\"}]},{\"@type\":\"WebSite\",\"@id\":\"https:\/\/firenzegioca.it\/progioco\/#website\",\"url\":\"https:\/\/firenzegioca.it\/progioco\/\",\"name\":\"Firenzegioca\",\"description\":\"E io la fo&#039; giocare!\",\"potentialAction\":[{\"@type\":\"SearchAction\",\"target\":{\"@type\":\"EntryPoint\",\"urlTemplate\":\"https:\/\/firenzegioca.it\/progioco\/?s={search_term_string}\"},\"query-input\":\"required name=search_term_string\"}],\"inLanguage\":\"it-IT\"}]}<\/script>\n<!-- \/ Yoast SEO plugin. -->","yoast_head_json":{"title":"Firenzegioca - Ludo in Fiera 2025","robots":{"index":"index","follow":"follow","max-snippet":"max-snippet:-1","max-image-preview":"max-image-preview:large","max-video-preview":"max-video-preview:-1"},"canonical":"https:\/\/firenzegioca.it\/progioco\/la-manifestazione\/","og_locale":"it_IT","og_type":"article","og_title":"Firenzegioca - Ludo in Fiera 2025","og_description":"FIRENZEGIOCA torna a riaccendere i riflettori nella sua sede d\u2019elezione, il Teatro Tuscany Hall. La rassegna presenta tre importanti livelli espositivi, per oltre 4.000 mq complessivi di superficie: quello interno...","og_url":"https:\/\/firenzegioca.it\/progioco\/la-manifestazione\/","og_site_name":"Firenzegioca","article_modified_time":"2024-06-19T09:22:06+00:00","og_image":[{"url":"https:\/\/firenzegioca.it\/progioco\/wp-content\/uploads\/2021\/08\/09-Panoramica-2010-1024x768.jpg"}],"twitter_card":"summary_large_image","schema":{"@context":"https:\/\/schema.org","@graph":[{"@type":"WebPage","@id":"https:\/\/firenzegioca.it\/progioco\/la-manifestazione\/","url":"https:\/\/firenzegioca.it\/progioco\/la-manifestazione\/","name":"Firenzegioca - Ludo in Fiera 2025","isPartOf":{"@id":"https:\/\/firenzegioca.it\/progioco\/#website"},"datePublished":"2021-08-31T09:00:57+00:00","dateModified":"2024-06-19T09:22:06+00:00","breadcrumb":{"@id":"https:\/\/firenzegioca.it\/progioco\/la-manifestazione\/#breadcrumb"},"inLanguage":"it-IT","potentialAction":[{"@type":"ReadAction","target":["https:\/\/firenzegioca.it\/progioco\/la-manifestazione\/"]}]},{"@type":"BreadcrumbList","@id":"https:\/\/firenzegioca.it\/progioco\/la-manifestazione\/#breadcrumb","itemListElement":[{"@type":"ListItem","position":1,"name":"Home","item":"https:\/\/firenzegioca.it\/progioco\/"},{"@type":"ListItem","position":2,"name":"Firenzegioca"}]},{"@type":"WebSite","@id":"https:\/\/firenzegioca.it\/progioco\/#website","url":"https:\/\/firenzegioca.it\/progioco\/","name":"Firenzegioca","description":"E io la fo&#039; giocare!","potentialAction":[{"@type":"SearchAction","target":{"@type":"EntryPoint","urlTemplate":"https:\/\/firenzegioca.it\/progioco\/?s={search_term_string}"},"query-input":"required name=search_term_string"}],"inLanguage":"it-IT"}]}},"_links":{"self":[{"href":"https:\/\/firenzegioca.it\/progioco\/wp-json\/wp\/v2\/pages\/453"}],"collection":[{"href":"https:\/\/firenzegioca.it\/progioco\/wp-json\/wp\/v2\/pages"}],"about":[{"href":"https:\/\/firenzegioca.it\/progioco\/wp-json\/wp\/v2\/types\/page"}],"author":[{"embeddable":true,"href":"https:\/\/firenzegioca.it\/progioco\/wp-json\/wp\/v2\/users\/2"}],"replies":[{"embeddable":true,"href":"https:\/\/firenzegioca.it\/progioco\/wp-json\/wp\/v2\/comments?post=453"}],"version-history":[{"count":4,"href":"https:\/\/firenzegioca.it\/progioco\/wp-json\/wp\/v2\/pages\/453\/revisions"}],"predecessor-version":[{"id":464,"href":"https:\/\/firenzegioca.it\/progioco\/wp-json\/wp\/v2\/pages\/453\/revisions\/464"}],"wp:attachment":[{"href":"https:\/\/firenzegioca.it\/progioco\/wp-json\/wp\/v2\/media?parent=453"}],"curies":[{"name":"wp","href":"https:\/\/api.w.org\/{rel}","templated":true}]}}