{"id":6342,"date":"2024-07-22T12:10:23","date_gmt":"2024-07-22T10:10:23","guid":{"rendered":"https:\/\/firenzegioca.it\/progioco\/?page_id=6342"},"modified":"2024-10-03T20:57:10","modified_gmt":"2024-10-03T18:57:10","slug":"menu-gdt","status":"publish","type":"page","link":"https:\/\/firenzegioca.it\/progioco\/archivio-firenzegioca-summer-edition-2024\/menu-gdt\/","title":{"rendered":"Menu GDA"},"content":{"rendered":"\n<figure class=\"wp-block-image size-large\"><img loading=\"lazy\" width=\"1024\" height=\"585\" src=\"https:\/\/firenzegioca.it\/progioco\/wp-content\/uploads\/2024\/07\/Menu-GdT-1024x585.jpg\" alt=\"\" class=\"wp-image-6343\" srcset=\"https:\/\/firenzegioca.it\/progioco\/wp-content\/uploads\/2024\/07\/Menu-GdT-1024x585.jpg 1024w, https:\/\/firenzegioca.it\/progioco\/wp-content\/uploads\/2024\/07\/Menu-GdT-300x171.jpg 300w, https:\/\/firenzegioca.it\/progioco\/wp-content\/uploads\/2024\/07\/Menu-GdT-768x439.jpg 768w, https:\/\/firenzegioca.it\/progioco\/wp-content\/uploads\/2024\/07\/Menu-GdT.jpg 1536w\" sizes=\"(max-width: 1024px) 100vw, 1024px\" \/><\/figure>\n\n\n\n<p>Nell\u2019ampia selezione di giochi da tavolo proposti alla<a href=\"https:\/\/firenzegioca.it\/progioco\/i-giochi-della-ludoteca-di-firenzegioca\/\"> Ludoteca di FirenzeGioca Summer Edition<\/a> non possono mancare i giochi pi\u00f9 importanti e premiati e <strong>spiccano, tra le novit\u00e0, i giochi iscritti in concorso al premio del Gioco dell\u2019Anno di Lucca Crea<\/strong>, diventato punto di riferimento per giocatori, editoria e distribuzione ludica in Italia.<\/p>\n\n\n\n<p>In attesa di scoprire 5 i finalisti che si contenderanno l\u2019ambito premio per il 2024 (i candidati sono 37 e la proclamazione del vincitore si terr\u00e0 durante la prossima LuccaComics&amp;Games)<strong> provate con noi i vincitori delle edizioni passate e le novit\u00e0 di quest\u2019anno<\/strong>.<\/p>\n\n\n\n<p><strong>Ecco la selezione gourmet di giochi da tavolo del \u201cGioco dell\u2019Anno\u201d<br><\/strong>(l\u2019elenco dei titoli \u00e8 in aggiornamento)<\/p>\n\n\n\n<ul><li>AXO di Simona Greco e Marco Rava, Playagame Edizioni<\/li><li>BARBASCURA X &#8211; EVOLVERSI MALE di Alessandro Cuneoi, MS Edizioni<\/li><li>BOWER di Pierpaolo Paoletti, Cranio Creations<\/li><li>CANA MEMOARRR! di Carlo Bortolini, MS Edizioni<\/li><li>CHALLENGERS! premio 2023<\/li><li>FLAMME ROUGE premio 2018<\/li><li>FOREST SHUFFLE di Kosch, Asmodee Italia<\/li><li>KARAK II di Petr Mik\u0161a e Roman Hlad\u00edk, CreativaMente<\/li><li>KINGDOMINO premio 2017<\/li><li>LA CASA DELLE MANNAIE di Andrea Dado, Oliphante<\/li><li>LE CRONACHE DI AVEL premio 2022<\/li><li>LE 5 TORRI di Kasper Lapp, Ghenos Games<\/li><li>LET&#8217;S SUMMON DEMONS di Ben Stoll, Mana Project Studio<\/li><li>MANGIA PREDA CHIAMA di Matthew Dunstan e Brett J. Gilbert, MS Edizioni<\/li><li>MY CITY premio 2021<\/li><li>MY SHELFIE &#8211; THE DICE GAME di Simone Luciani, Cranio Creations<\/li><li>POZIONI ESPLOSIVE premio 2016<\/li><li>SEA SALT &amp; PAPER di Bruno Cathala e Th\u00e9o Rivi\u00e8re, Cranio Creations<\/li><li>SIPARIO di Tea Bruno, Giochi Uniti<\/li><li>SUNRISE LANE di Reiner Knizia, Cranio Creations<\/li><li>TRIO di Kaya Miyano, Ghenos Games<\/li><li>WILD WILD PATTERN di Davide Ghelfi, Oilphante<\/li><\/ul>\n\n\n\n<h2>MA\u2026 COME FUNZIONA?<\/h2>\n\n\n\n<p>Nulla di pi\u00f9 semplice!<\/p>\n\n\n\n<h3>Consultate il Menu<\/h3>\n\n\n\n<p>l\u2019elenco con tutti i titoli dei giochi a disposizione di FirenzeGioca Summer Edition lo trovate esposto al Punto Prestito della Ludoteca e sui tavoli dell\u2019area gioco. Tra questi troverete in evidenza i giochi della Sezione Gourmet del Gioco dell\u2019Anno.<br>Date un\u2019occhiata e scegliete il gioco che vi intriga di pi\u00f9!<\/p>\n\n\n\n<h3>Fate la vostra scelta<\/h3>\n\n\n\n<p>una volta scelto il gioco, vi baster\u00e0 lasciare un documento al Punto Prestito e potrete accomodarvi a un tavolo con il vostro gioco. Se gradite farvi consigliare e un ludotecario esperto del gioco \u00e8 disponibile in quel momento, vi accompagner\u00e0 al tavolo per spiegarvi le regole e assistervi nei primi turni di gioco. Se il gioco che avete scelto fosse gi\u00e0 impegnato, potrete prenotarlo e nel frattempo ingannare l\u2019attesa con un altro a vostro piacere.<\/p>\n\n\n\n<h3>Sedetevi e Giocate<\/h3>\n\n\n\n<p>che lo facciate assieme a un volontario o in autonomia, potrete provare tutti i giochi che vorrete, ma sempre uno alla volta, e ogni volta vi chiederemo di riportarci il gioco avendo la massima accortezza a riporre correttamente tutte le componenti del gioco all\u2019interno della scatola e controllando sempre che non sia rimasta fuori o caduta nessuna pedina.<br>Il documento che avete lasciato al Punto Prestito vi verr\u00e0 restituito una volta riconsegnato il gioco.<\/p>\n","protected":false},"excerpt":{"rendered":"<p>Nell\u2019ampia selezione di giochi da tavolo proposti alla Ludoteca di FirenzeGioca Summer Edition non possono mancare i giochi pi\u00f9 importanti e premiati e spiccano, tra le novit\u00e0, i giochi iscritti&#8230;<\/p>\n","protected":false},"author":2,"featured_media":0,"parent":6913,"menu_order":0,"comment_status":"closed","ping_status":"closed","template":"","meta":{"_price":"","_stock":"","_tribe_ticket_header":"","_tribe_default_ticket_provider":"","_tribe_ticket_capacity":"0","_ticket_start_date":"","_ticket_end_date":"","_tribe_ticket_show_description":"","_tribe_ticket_show_not_going":false,"_tribe_ticket_use_global_stock":"","_tribe_ticket_global_stock_level":"","_global_stock_mode":"","_global_stock_cap":"","_tribe_rsvp_for_event":"","_tribe_ticket_going_count":"","_tribe_ticket_not_going_count":"","_tribe_tickets_list":[],"_tribe_ticket_has_attendee_info_fields":false,"_EventAllDay":false,"_EventTimezone":"","_EventStartDate":"","_EventEndDate":"","_EventStartDateUTC":"","_EventEndDateUTC":"","_EventShowMap":false,"_EventShowMapLink":false,"_EventURL":"","_EventCost":"","_EventCostDescription":"","_EventCurrencySymbol":"","_EventCurrencyCode":"","_EventCurrencyPosition":"","_EventDateTimeSeparator":"","_EventTimeRangeSeparator":"","_EventOrganizerID":[],"_EventVenueID":0,"_OrganizerEmail":"","_OrganizerPhone":"","_OrganizerWebsite":"","_VenueAddress":"","_VenueCity":"","_VenueCountry":"","_VenueProvince":"","_VenueZip":"","_VenuePhone":"","_VenueURL":"","_VenueStateProvince":"","_VenueLat":"","_VenueLng":""},"yoast_head":"<!-- This site is optimized with the Yoast SEO plugin v19.13 - https:\/\/yoast.com\/wordpress\/plugins\/seo\/ -->\n<title>Menu GDA - Ludo in Fiera 2025<\/title>\n<meta name=\"robots\" content=\"index, follow, max-snippet:-1, max-image-preview:large, max-video-preview:-1\" \/>\n<link rel=\"canonical\" href=\"https:\/\/firenzegioca.it\/progioco\/archivio-firenzegioca-summer-edition-2024\/menu-gdt\/\" \/>\n<meta property=\"og:locale\" content=\"it_IT\" \/>\n<meta property=\"og:type\" content=\"article\" \/>\n<meta property=\"og:title\" content=\"Menu GDA - Ludo in Fiera 2025\" \/>\n<meta property=\"og:description\" content=\"Nell\u2019ampia selezione di giochi da tavolo proposti alla Ludoteca di FirenzeGioca Summer Edition non possono mancare i giochi pi\u00f9 importanti e premiati e spiccano, tra le novit\u00e0, i giochi iscritti...\" \/>\n<meta property=\"og:url\" content=\"https:\/\/firenzegioca.it\/progioco\/archivio-firenzegioca-summer-edition-2024\/menu-gdt\/\" \/>\n<meta property=\"og:site_name\" content=\"Firenzegioca\" \/>\n<meta property=\"article:modified_time\" content=\"2024-10-03T18:57:10+00:00\" \/>\n<meta property=\"og:image\" content=\"https:\/\/firenzegioca.it\/progioco\/wp-content\/uploads\/2024\/07\/Menu-GdT-1024x585.jpg\" \/>\n<meta name=\"twitter:card\" content=\"summary_large_image\" \/>\n<script type=\"application\/ld+json\" class=\"yoast-schema-graph\">{\"@context\":\"https:\/\/schema.org\",\"@graph\":[{\"@type\":\"WebPage\",\"@id\":\"https:\/\/firenzegioca.it\/progioco\/archivio-firenzegioca-summer-edition-2024\/menu-gdt\/\",\"url\":\"https:\/\/firenzegioca.it\/progioco\/archivio-firenzegioca-summer-edition-2024\/menu-gdt\/\",\"name\":\"Menu GDA - Ludo in Fiera 2025\",\"isPartOf\":{\"@id\":\"https:\/\/firenzegioca.it\/progioco\/#website\"},\"datePublished\":\"2024-07-22T10:10:23+00:00\",\"dateModified\":\"2024-10-03T18:57:10+00:00\",\"breadcrumb\":{\"@id\":\"https:\/\/firenzegioca.it\/progioco\/archivio-firenzegioca-summer-edition-2024\/menu-gdt\/#breadcrumb\"},\"inLanguage\":\"it-IT\",\"potentialAction\":[{\"@type\":\"ReadAction\",\"target\":[\"https:\/\/firenzegioca.it\/progioco\/archivio-firenzegioca-summer-edition-2024\/menu-gdt\/\"]}]},{\"@type\":\"BreadcrumbList\",\"@id\":\"https:\/\/firenzegioca.it\/progioco\/archivio-firenzegioca-summer-edition-2024\/menu-gdt\/#breadcrumb\",\"itemListElement\":[{\"@type\":\"ListItem\",\"position\":1,\"name\":\"Home\",\"item\":\"https:\/\/firenzegioca.it\/progioco\/\"},{\"@type\":\"ListItem\",\"position\":2,\"name\":\"[Archivio] &#8211; FirenzeGioca Summer Edition 2024\",\"item\":\"https:\/\/firenzegioca.it\/progioco\/archivio-firenzegioca-summer-edition-2024\/\"},{\"@type\":\"ListItem\",\"position\":3,\"name\":\"Menu GDA\"}]},{\"@type\":\"WebSite\",\"@id\":\"https:\/\/firenzegioca.it\/progioco\/#website\",\"url\":\"https:\/\/firenzegioca.it\/progioco\/\",\"name\":\"Firenzegioca\",\"description\":\"E io la fo&#039; giocare!\",\"potentialAction\":[{\"@type\":\"SearchAction\",\"target\":{\"@type\":\"EntryPoint\",\"urlTemplate\":\"https:\/\/firenzegioca.it\/progioco\/?s={search_term_string}\"},\"query-input\":\"required name=search_term_string\"}],\"inLanguage\":\"it-IT\"}]}<\/script>\n<!-- \/ Yoast SEO plugin. -->","yoast_head_json":{"title":"Menu GDA - Ludo in Fiera 2025","robots":{"index":"index","follow":"follow","max-snippet":"max-snippet:-1","max-image-preview":"max-image-preview:large","max-video-preview":"max-video-preview:-1"},"canonical":"https:\/\/firenzegioca.it\/progioco\/archivio-firenzegioca-summer-edition-2024\/menu-gdt\/","og_locale":"it_IT","og_type":"article","og_title":"Menu GDA - Ludo in Fiera 2025","og_description":"Nell\u2019ampia selezione di giochi da tavolo proposti alla Ludoteca di FirenzeGioca Summer Edition non possono mancare i giochi pi\u00f9 importanti e premiati e spiccano, tra le novit\u00e0, i giochi iscritti...","og_url":"https:\/\/firenzegioca.it\/progioco\/archivio-firenzegioca-summer-edition-2024\/menu-gdt\/","og_site_name":"Firenzegioca","article_modified_time":"2024-10-03T18:57:10+00:00","og_image":[{"url":"https:\/\/firenzegioca.it\/progioco\/wp-content\/uploads\/2024\/07\/Menu-GdT-1024x585.jpg"}],"twitter_card":"summary_large_image","schema":{"@context":"https:\/\/schema.org","@graph":[{"@type":"WebPage","@id":"https:\/\/firenzegioca.it\/progioco\/archivio-firenzegioca-summer-edition-2024\/menu-gdt\/","url":"https:\/\/firenzegioca.it\/progioco\/archivio-firenzegioca-summer-edition-2024\/menu-gdt\/","name":"Menu GDA - Ludo in Fiera 2025","isPartOf":{"@id":"https:\/\/firenzegioca.it\/progioco\/#website"},"datePublished":"2024-07-22T10:10:23+00:00","dateModified":"2024-10-03T18:57:10+00:00","breadcrumb":{"@id":"https:\/\/firenzegioca.it\/progioco\/archivio-firenzegioca-summer-edition-2024\/menu-gdt\/#breadcrumb"},"inLanguage":"it-IT","potentialAction":[{"@type":"ReadAction","target":["https:\/\/firenzegioca.it\/progioco\/archivio-firenzegioca-summer-edition-2024\/menu-gdt\/"]}]},{"@type":"BreadcrumbList","@id":"https:\/\/firenzegioca.it\/progioco\/archivio-firenzegioca-summer-edition-2024\/menu-gdt\/#breadcrumb","itemListElement":[{"@type":"ListItem","position":1,"name":"Home","item":"https:\/\/firenzegioca.it\/progioco\/"},{"@type":"ListItem","position":2,"name":"[Archivio] &#8211; FirenzeGioca Summer Edition 2024","item":"https:\/\/firenzegioca.it\/progioco\/archivio-firenzegioca-summer-edition-2024\/"},{"@type":"ListItem","position":3,"name":"Menu GDA"}]},{"@type":"WebSite","@id":"https:\/\/firenzegioca.it\/progioco\/#website","url":"https:\/\/firenzegioca.it\/progioco\/","name":"Firenzegioca","description":"E io la fo&#039; giocare!","potentialAction":[{"@type":"SearchAction","target":{"@type":"EntryPoint","urlTemplate":"https:\/\/firenzegioca.it\/progioco\/?s={search_term_string}"},"query-input":"required name=search_term_string"}],"inLanguage":"it-IT"}]}},"_links":{"self":[{"href":"https:\/\/firenzegioca.it\/progioco\/wp-json\/wp\/v2\/pages\/6342"}],"collection":[{"href":"https:\/\/firenzegioca.it\/progioco\/wp-json\/wp\/v2\/pages"}],"about":[{"href":"https:\/\/firenzegioca.it\/progioco\/wp-json\/wp\/v2\/types\/page"}],"author":[{"embeddable":true,"href":"https:\/\/firenzegioca.it\/progioco\/wp-json\/wp\/v2\/users\/2"}],"replies":[{"embeddable":true,"href":"https:\/\/firenzegioca.it\/progioco\/wp-json\/wp\/v2\/comments?post=6342"}],"version-history":[{"count":3,"href":"https:\/\/firenzegioca.it\/progioco\/wp-json\/wp\/v2\/pages\/6342\/revisions"}],"predecessor-version":[{"id":6450,"href":"https:\/\/firenzegioca.it\/progioco\/wp-json\/wp\/v2\/pages\/6342\/revisions\/6450"}],"up":[{"embeddable":true,"href":"https:\/\/firenzegioca.it\/progioco\/wp-json\/wp\/v2\/pages\/6913"}],"wp:attachment":[{"href":"https:\/\/firenzegioca.it\/progioco\/wp-json\/wp\/v2\/media?parent=6342"}],"curies":[{"name":"wp","href":"https:\/\/api.w.org\/{rel}","templated":true}]}}