{"id":6624,"date":"2024-07-31T15:28:36","date_gmt":"2024-07-31T13:28:36","guid":{"rendered":"https:\/\/firenzegioca.it\/progioco\/?page_id=6624"},"modified":"2025-06-29T01:30:19","modified_gmt":"2025-06-28T23:30:19","slug":"come-arrivare","status":"publish","type":"page","link":"https:\/\/firenzegioca.it\/progioco\/come-arrivare\/","title":{"rendered":"Come arrivare"},"content":{"rendered":"\n<figure class=\"wp-block-image size-large\"><img loading=\"lazy\" width=\"1024\" height=\"628\" src=\"https:\/\/firenzegioca.it\/progioco\/wp-content\/uploads\/2024\/07\/lumen-dove-1024x628.jpg\" alt=\"\" class=\"wp-image-6625\" srcset=\"https:\/\/firenzegioca.it\/progioco\/wp-content\/uploads\/2024\/07\/lumen-dove-1024x628.jpg 1024w, https:\/\/firenzegioca.it\/progioco\/wp-content\/uploads\/2024\/07\/lumen-dove-300x184.jpg 300w, https:\/\/firenzegioca.it\/progioco\/wp-content\/uploads\/2024\/07\/lumen-dove-768x471.jpg 768w, https:\/\/firenzegioca.it\/progioco\/wp-content\/uploads\/2024\/07\/lumen-dove-1536x942.jpg 1536w, https:\/\/firenzegioca.it\/progioco\/wp-content\/uploads\/2024\/07\/lumen-dove.jpg 1670w\" sizes=\"(max-width: 1024px) 100vw, 1024px\" \/><\/figure>\n\n\n\n<p>Sei pronto per arrivare al Lumen, ma il tuo navigatore fa le bizze. Google Maps ha deciso di abbandonarti, la signorina che ti dice quale uscita prendere, alla rotonda, non parler\u00e0. E non ricordi pi\u00f9 dove hai messo il vecchio tutto citt\u00e0&#8230;<\/p>\n\n\n\n<p>Calma e gesso, ora ti do una spiegazione veloce!<\/p>\n\n\n\n<h2>Come arrivare in macchina o moto<\/h2>\n\n\n\n<p>Il Lumen \u00e8 in via del Guarlone, in zona Rovezzano. Se arrivi da fuori citt\u00e0 ti \u00e8 comoda l&#8217;autostrada A1, uscita Firenze Sud, prendi il viadotto e il ponte Paolo Borsellino. Se arrivi dalla citt\u00e0 invece, segui i Viali di Circonvallazione. Comunque ti ritroverai al Teatro Tenda, dove si trova la rotonda con l&#8217;omino di Folon, la statua che ogni tanto viene abbattuta da automobilisti poco previdenti.  <br>Entra nella rotonda e, se vieni da Firenze, prendi la terza uscita (chiaramente, se vieni da fuori, ovvero dalla parte opposta, \u00e8 la prima uscita) e dirigiti verso la successiva rotonda. In questa dovrai prendere la seconda uscita, quindi sempre dritto. Percorri il sottopasso e sbucherai in una grande rotonda a forma di S. Prendi la seconda uscita e sarai gi\u00e0 in via del Guarlone. Non dovrai fare altro che andare sempre dritto, per almeno un chilometro, fino a che non troverai il Lumen.<\/p>\n\n\n\n<p>Attenzione, la struttura \u00e8 sulla destra, ma il parcheggio \u00e8 a SINISTRA!<\/p>\n\n\n\n<figure class=\"wp-block-image size-full\"><img loading=\"lazy\" width=\"821\" height=\"641\" src=\"https:\/\/firenzegioca.it\/progioco\/wp-content\/uploads\/2024\/07\/vista-alto.jpeg\" alt=\"\" class=\"wp-image-6628\" srcset=\"https:\/\/firenzegioca.it\/progioco\/wp-content\/uploads\/2024\/07\/vista-alto.jpeg 821w, https:\/\/firenzegioca.it\/progioco\/wp-content\/uploads\/2024\/07\/vista-alto-300x234.jpeg 300w, https:\/\/firenzegioca.it\/progioco\/wp-content\/uploads\/2024\/07\/vista-alto-768x600.jpeg 768w\" sizes=\"(max-width: 821px) 100vw, 821px\" \/><\/figure>\n\n\n\n<h2>Si arriva con i mezzi?<\/h2>\n\n\n\n<p>Ci sono due opzioni, <strong>ma noi le sconsigliamo<\/strong>, <strong>la strada non \u00e8 per nulla agevole e senza marciapiede.<\/strong><\/p>\n\n\n\n<h3>In treno (sconsigliato)<\/h3>\n\n\n\n<p>Scendendo alla stazione<strong> Firenze Rovezzano<\/strong> sono 900m a piedi come da mappa. <\/p>\n\n\n\n<p>Purtroppo i treni per <strong>Firenze Rovezzano<\/strong> sono pochi, e rischiate di dover <strong>aspettare anche un&#8217;ora<\/strong>, specialmente la domenica. <strong>Vi consigliamo di verificare gli orari<\/strong>, potrebbe essere pi\u00f9 semplice arrivare a <strong>Santa Maria Novella<\/strong> in treno e poi prendere l&#8217;autobus (vedi dopo)<\/p>\n\n\n\n<figure class=\"wp-block-image size-full\"><img loading=\"lazy\" width=\"890\" height=\"637\" src=\"https:\/\/firenzegioca.it\/progioco\/wp-content\/uploads\/2024\/07\/mappatreno.jpeg\" alt=\"\" class=\"wp-image-6626\" srcset=\"https:\/\/firenzegioca.it\/progioco\/wp-content\/uploads\/2024\/07\/mappatreno.jpeg 890w, https:\/\/firenzegioca.it\/progioco\/wp-content\/uploads\/2024\/07\/mappatreno-300x215.jpeg 300w, https:\/\/firenzegioca.it\/progioco\/wp-content\/uploads\/2024\/07\/mappatreno-768x550.jpeg 768w\" sizes=\"(max-width: 890px) 100vw, 890px\" \/><\/figure>\n\n\n\n<h3>In autobus (sconsigliato)<\/h3>\n\n\n\n<p><strong>Fermata Vitelli Comparetti<\/strong>, raggiungibile con <strong>autobus numero 20 e 84<\/strong> e poi 850m a piedi. L&#8217;ultimo pezzo di strada \u00e8 disagevole.<\/p>\n\n\n\n<figure class=\"wp-block-image size-large\"><img loading=\"lazy\" width=\"1024\" height=\"345\" src=\"https:\/\/firenzegioca.it\/progioco\/wp-content\/uploads\/2024\/07\/mappaautobus-1024x345.jpeg\" alt=\"\" class=\"wp-image-6627\" srcset=\"https:\/\/firenzegioca.it\/progioco\/wp-content\/uploads\/2024\/07\/mappaautobus-1024x345.jpeg 1024w, https:\/\/firenzegioca.it\/progioco\/wp-content\/uploads\/2024\/07\/mappaautobus-300x101.jpeg 300w, https:\/\/firenzegioca.it\/progioco\/wp-content\/uploads\/2024\/07\/mappaautobus-768x259.jpeg 768w, https:\/\/firenzegioca.it\/progioco\/wp-content\/uploads\/2024\/07\/mappaautobus.jpeg 1302w\" sizes=\"(max-width: 1024px) 100vw, 1024px\" \/><\/figure>\n","protected":false},"excerpt":{"rendered":"<p>Sei pronto per arrivare al Lumen, ma il tuo navigatore fa le bizze. Google Maps ha deciso di abbandonarti, la signorina che ti dice quale uscita prendere, alla rotonda, non&#8230;<\/p>\n","protected":false},"author":2,"featured_media":0,"parent":0,"menu_order":0,"comment_status":"closed","ping_status":"closed","template":"","meta":{"_price":"","_stock":"","_tribe_ticket_header":"","_tribe_default_ticket_provider":"","_tribe_ticket_capacity":"0","_ticket_start_date":"","_ticket_end_date":"","_tribe_ticket_show_description":"","_tribe_ticket_show_not_going":false,"_tribe_ticket_use_global_stock":"","_tribe_ticket_global_stock_level":"","_global_stock_mode":"","_global_stock_cap":"","_tribe_rsvp_for_event":"","_tribe_ticket_going_count":"","_tribe_ticket_not_going_count":"","_tribe_tickets_list":[],"_tribe_ticket_has_attendee_info_fields":false,"_EventAllDay":false,"_EventTimezone":"","_EventStartDate":"","_EventEndDate":"","_EventStartDateUTC":"","_EventEndDateUTC":"","_EventShowMap":false,"_EventShowMapLink":false,"_EventURL":"","_EventCost":"","_EventCostDescription":"","_EventCurrencySymbol":"","_EventCurrencyCode":"","_EventCurrencyPosition":"","_EventDateTimeSeparator":"","_EventTimeRangeSeparator":"","_EventOrganizerID":[],"_EventVenueID":0,"_OrganizerEmail":"","_OrganizerPhone":"","_OrganizerWebsite":"","_VenueAddress":"","_VenueCity":"","_VenueCountry":"","_VenueProvince":"","_VenueZip":"","_VenuePhone":"","_VenueURL":"","_VenueStateProvince":"","_VenueLat":"","_VenueLng":""},"yoast_head":"<!-- This site is optimized with the Yoast SEO plugin v19.13 - https:\/\/yoast.com\/wordpress\/plugins\/seo\/ -->\n<title>Come arrivare - Ludo in Fiera 2025<\/title>\n<meta name=\"robots\" content=\"index, follow, max-snippet:-1, max-image-preview:large, max-video-preview:-1\" \/>\n<link rel=\"canonical\" href=\"https:\/\/firenzegioca.it\/progioco\/come-arrivare\/\" \/>\n<meta property=\"og:locale\" content=\"it_IT\" \/>\n<meta property=\"og:type\" content=\"article\" \/>\n<meta property=\"og:title\" content=\"Come arrivare - Ludo in Fiera 2025\" \/>\n<meta property=\"og:description\" content=\"Sei pronto per arrivare al Lumen, ma il tuo navigatore fa le bizze. Google Maps ha deciso di abbandonarti, la signorina che ti dice quale uscita prendere, alla rotonda, non...\" \/>\n<meta property=\"og:url\" content=\"https:\/\/firenzegioca.it\/progioco\/come-arrivare\/\" \/>\n<meta property=\"og:site_name\" content=\"Firenzegioca\" \/>\n<meta property=\"article:modified_time\" content=\"2025-06-28T23:30:19+00:00\" \/>\n<meta property=\"og:image\" content=\"https:\/\/firenzegioca.it\/progioco\/wp-content\/uploads\/2024\/07\/lumen-dove-1024x628.jpg\" \/>\n<meta name=\"twitter:card\" content=\"summary_large_image\" \/>\n<script type=\"application\/ld+json\" class=\"yoast-schema-graph\">{\"@context\":\"https:\/\/schema.org\",\"@graph\":[{\"@type\":\"WebPage\",\"@id\":\"https:\/\/firenzegioca.it\/progioco\/come-arrivare\/\",\"url\":\"https:\/\/firenzegioca.it\/progioco\/come-arrivare\/\",\"name\":\"Come arrivare - Ludo in Fiera 2025\",\"isPartOf\":{\"@id\":\"https:\/\/firenzegioca.it\/progioco\/#website\"},\"datePublished\":\"2024-07-31T13:28:36+00:00\",\"dateModified\":\"2025-06-28T23:30:19+00:00\",\"breadcrumb\":{\"@id\":\"https:\/\/firenzegioca.it\/progioco\/come-arrivare\/#breadcrumb\"},\"inLanguage\":\"it-IT\",\"potentialAction\":[{\"@type\":\"ReadAction\",\"target\":[\"https:\/\/firenzegioca.it\/progioco\/come-arrivare\/\"]}]},{\"@type\":\"BreadcrumbList\",\"@id\":\"https:\/\/firenzegioca.it\/progioco\/come-arrivare\/#breadcrumb\",\"itemListElement\":[{\"@type\":\"ListItem\",\"position\":1,\"name\":\"Home\",\"item\":\"https:\/\/firenzegioca.it\/progioco\/\"},{\"@type\":\"ListItem\",\"position\":2,\"name\":\"Come arrivare\"}]},{\"@type\":\"WebSite\",\"@id\":\"https:\/\/firenzegioca.it\/progioco\/#website\",\"url\":\"https:\/\/firenzegioca.it\/progioco\/\",\"name\":\"Firenzegioca\",\"description\":\"E io la fo&#039; giocare!\",\"potentialAction\":[{\"@type\":\"SearchAction\",\"target\":{\"@type\":\"EntryPoint\",\"urlTemplate\":\"https:\/\/firenzegioca.it\/progioco\/?s={search_term_string}\"},\"query-input\":\"required name=search_term_string\"}],\"inLanguage\":\"it-IT\"}]}<\/script>\n<!-- \/ Yoast SEO plugin. -->","yoast_head_json":{"title":"Come arrivare - Ludo in Fiera 2025","robots":{"index":"index","follow":"follow","max-snippet":"max-snippet:-1","max-image-preview":"max-image-preview:large","max-video-preview":"max-video-preview:-1"},"canonical":"https:\/\/firenzegioca.it\/progioco\/come-arrivare\/","og_locale":"it_IT","og_type":"article","og_title":"Come arrivare - Ludo in Fiera 2025","og_description":"Sei pronto per arrivare al Lumen, ma il tuo navigatore fa le bizze. Google Maps ha deciso di abbandonarti, la signorina che ti dice quale uscita prendere, alla rotonda, non...","og_url":"https:\/\/firenzegioca.it\/progioco\/come-arrivare\/","og_site_name":"Firenzegioca","article_modified_time":"2025-06-28T23:30:19+00:00","og_image":[{"url":"https:\/\/firenzegioca.it\/progioco\/wp-content\/uploads\/2024\/07\/lumen-dove-1024x628.jpg"}],"twitter_card":"summary_large_image","schema":{"@context":"https:\/\/schema.org","@graph":[{"@type":"WebPage","@id":"https:\/\/firenzegioca.it\/progioco\/come-arrivare\/","url":"https:\/\/firenzegioca.it\/progioco\/come-arrivare\/","name":"Come arrivare - Ludo in Fiera 2025","isPartOf":{"@id":"https:\/\/firenzegioca.it\/progioco\/#website"},"datePublished":"2024-07-31T13:28:36+00:00","dateModified":"2025-06-28T23:30:19+00:00","breadcrumb":{"@id":"https:\/\/firenzegioca.it\/progioco\/come-arrivare\/#breadcrumb"},"inLanguage":"it-IT","potentialAction":[{"@type":"ReadAction","target":["https:\/\/firenzegioca.it\/progioco\/come-arrivare\/"]}]},{"@type":"BreadcrumbList","@id":"https:\/\/firenzegioca.it\/progioco\/come-arrivare\/#breadcrumb","itemListElement":[{"@type":"ListItem","position":1,"name":"Home","item":"https:\/\/firenzegioca.it\/progioco\/"},{"@type":"ListItem","position":2,"name":"Come arrivare"}]},{"@type":"WebSite","@id":"https:\/\/firenzegioca.it\/progioco\/#website","url":"https:\/\/firenzegioca.it\/progioco\/","name":"Firenzegioca","description":"E io la fo&#039; giocare!","potentialAction":[{"@type":"SearchAction","target":{"@type":"EntryPoint","urlTemplate":"https:\/\/firenzegioca.it\/progioco\/?s={search_term_string}"},"query-input":"required name=search_term_string"}],"inLanguage":"it-IT"}]}},"_links":{"self":[{"href":"https:\/\/firenzegioca.it\/progioco\/wp-json\/wp\/v2\/pages\/6624"}],"collection":[{"href":"https:\/\/firenzegioca.it\/progioco\/wp-json\/wp\/v2\/pages"}],"about":[{"href":"https:\/\/firenzegioca.it\/progioco\/wp-json\/wp\/v2\/types\/page"}],"author":[{"embeddable":true,"href":"https:\/\/firenzegioca.it\/progioco\/wp-json\/wp\/v2\/users\/2"}],"replies":[{"embeddable":true,"href":"https:\/\/firenzegioca.it\/progioco\/wp-json\/wp\/v2\/comments?post=6624"}],"version-history":[{"count":2,"href":"https:\/\/firenzegioca.it\/progioco\/wp-json\/wp\/v2\/pages\/6624\/revisions"}],"predecessor-version":[{"id":7182,"href":"https:\/\/firenzegioca.it\/progioco\/wp-json\/wp\/v2\/pages\/6624\/revisions\/7182"}],"wp:attachment":[{"href":"https:\/\/firenzegioca.it\/progioco\/wp-json\/wp\/v2\/media?parent=6624"}],"curies":[{"name":"wp","href":"https:\/\/api.w.org\/{rel}","templated":true}]}}