{"id":6889,"date":"2024-10-02T16:06:38","date_gmt":"2024-10-02T14:06:38","guid":{"rendered":"https:\/\/firenzegioca.it\/progioco\/?page_id=6889"},"modified":"2025-10-11T11:16:12","modified_gmt":"2025-10-11T09:16:12","slug":"associazioni-ludo-in-fiera","status":"publish","type":"page","link":"https:\/\/firenzegioca.it\/progioco\/ludo-in-fiera\/associazioni-ludo-in-fiera\/","title":{"rendered":"Associazioni Ludo in Fiera"},"content":{"rendered":"\n<p>Tantissime le realt\u00e0 associative partecipanti! <\/p>\n\n\n\n<p>Proprio come anno scorso, nella prima edizione di Ludo in Fiera, le associazioni che ci accompagneranno sono numerose, a partire da ProGioco Firenze e tutte quelle che animano la popolare manifestazione FirenzeGioca. <\/p>\n\n\n\n<div class=\"wp-block-columns\">\n<div class=\"wp-block-column\">\n<p>Accademia de&#8217; Germini<\/p>\n\n\n\n<p>AFBIS<\/p>\n\n\n\n<p>AVIS Comunale Scandicci ODV<\/p>\n\n\n\n<p>Dei Dice<\/p>\n\n\n\n<p>Dungeon Master Italia (DMI)<\/p>\n\n\n\n<p>DynamiPok\u00e9mon<\/p>\n\n\n\n<p>Forgiamartelli<\/p>\n\n\n\n<p>Gamer_mamma<\/p>\n\n\n\n<p>Giocaconisa<\/p>\n\n\n\n<p>Ingegneria del Buon Sollazzo<\/p>\n<\/div>\n\n\n\n<div class=\"wp-block-column\">\n<p>Maremma che Giochi<\/p>\n\n\n\n<p>Micco Ludens<\/p>\n\n\n\n<p>Narratori di Mondi &#8211; Amici di Tommaso<\/p>\n\n\n\n<p>ProGioco Firenze<\/p>\n\n\n\n<p>Sala d&#8217;Arme<\/p>\n\n\n\n<p>Save the Meeple<\/p>\n\n\n\n<p>Sistemi Ludici<\/p>\n\n\n\n<p>Spaziocreattivando. Cesteria Arte e Arti<\/p>\n\n\n\n<p>Toys Lab<\/p>\n\n\n\n<p>Scuola di circo &#8220;En piste&#8221;<\/p>\n<\/div>\n<\/div>\n\n\n\n<p>La lista \u00e8 in aggiornamento!<\/p>\n\n\n\n<hr class=\"wp-block-separator\"\/>\n\n\n\n<h2><em>ASSOCIAZIONI, GRUPPI, PARTNER<\/em><\/h2>\n\n\n\n<p>Il palinsesto di Ludo in Fiera \u00e8 ancora del tutto aperto e compilando questo form&nbsp;<em><strong><a href=\"https:\/\/forms.gle\/F7ALgEscmkcMnfPi8\" target=\"_blank\" rel=\"noreferrer noopener\">https:\/\/forms.gle\/F7ALgEscmkcMnfPi8<\/a>&nbsp;<\/strong><\/em>\u00e8 possibile segnalare la propria volont\u00e0 di partecipare come associazione, gruppo etc, proponendo attivit\u00e0 ed eventi e riservandosi uno spazio adeguato.<\/p>\n\n\n\n<p>Sar\u00e0 possibile promuovere le proprie iniziative, organizzare panel, tornei, dimostrazioni live, farsi conoscere e riconoscere!<\/p>\n","protected":false},"excerpt":{"rendered":"<p>Tantissime le realt\u00e0 associative partecipanti! Proprio come anno scorso, nella prima edizione di Ludo in Fiera, le associazioni che ci accompagneranno sono numerose, a partire da ProGioco Firenze e tutte&#8230;<\/p>\n","protected":false},"author":2,"featured_media":0,"parent":6765,"menu_order":0,"comment_status":"closed","ping_status":"closed","template":"","meta":{"_price":"","_stock":"","_tribe_ticket_header":"","_tribe_default_ticket_provider":"","_tribe_ticket_capacity":"0","_ticket_start_date":"","_ticket_end_date":"","_tribe_ticket_show_description":"","_tribe_ticket_show_not_going":false,"_tribe_ticket_use_global_stock":"","_tribe_ticket_global_stock_level":"","_global_stock_mode":"","_global_stock_cap":"","_tribe_rsvp_for_event":"","_tribe_ticket_going_count":"","_tribe_ticket_not_going_count":"","_tribe_tickets_list":[],"_tribe_ticket_has_attendee_info_fields":false,"_EventAllDay":false,"_EventTimezone":"","_EventStartDate":"","_EventEndDate":"","_EventStartDateUTC":"","_EventEndDateUTC":"","_EventShowMap":false,"_EventShowMapLink":false,"_EventURL":"","_EventCost":"","_EventCostDescription":"","_EventCurrencySymbol":"","_EventCurrencyCode":"","_EventCurrencyPosition":"","_EventDateTimeSeparator":"","_EventTimeRangeSeparator":"","_EventOrganizerID":[],"_EventVenueID":0,"_OrganizerEmail":"","_OrganizerPhone":"","_OrganizerWebsite":"","_VenueAddress":"","_VenueCity":"","_VenueCountry":"","_VenueProvince":"","_VenueZip":"","_VenuePhone":"","_VenueURL":"","_VenueStateProvince":"","_VenueLat":"","_VenueLng":""},"yoast_head":"<!-- This site is optimized with the Yoast SEO plugin v19.13 - https:\/\/yoast.com\/wordpress\/plugins\/seo\/ -->\n<title>Associazioni Ludo in Fiera - Ludo in Fiera 2025<\/title>\n<meta name=\"robots\" content=\"index, follow, max-snippet:-1, max-image-preview:large, max-video-preview:-1\" \/>\n<link rel=\"canonical\" href=\"https:\/\/firenzegioca.it\/progioco\/ludo-in-fiera\/associazioni-ludo-in-fiera\/\" \/>\n<meta property=\"og:locale\" content=\"it_IT\" \/>\n<meta property=\"og:type\" content=\"article\" \/>\n<meta property=\"og:title\" content=\"Associazioni Ludo in Fiera - Ludo in Fiera 2025\" \/>\n<meta property=\"og:description\" content=\"Tantissime le realt\u00e0 associative partecipanti! Proprio come anno scorso, nella prima edizione di Ludo in Fiera, le associazioni che ci accompagneranno sono numerose, a partire da ProGioco Firenze e tutte...\" \/>\n<meta property=\"og:url\" content=\"https:\/\/firenzegioca.it\/progioco\/ludo-in-fiera\/associazioni-ludo-in-fiera\/\" \/>\n<meta property=\"og:site_name\" content=\"Firenzegioca\" \/>\n<meta property=\"article:modified_time\" content=\"2025-10-11T09:16:12+00:00\" \/>\n<meta property=\"og:image\" content=\"https:\/\/firenzegioca.it\/progioco\/wp-content\/uploads\/2025\/09\/locandina2025.jpeg\" \/>\n\t<meta property=\"og:image:width\" content=\"905\" \/>\n\t<meta property=\"og:image:height\" content=\"1280\" \/>\n\t<meta property=\"og:image:type\" content=\"image\/jpeg\" \/>\n<meta name=\"twitter:card\" content=\"summary_large_image\" \/>\n<meta name=\"twitter:image\" content=\"https:\/\/firenzegioca.it\/progioco\/wp-content\/uploads\/2025\/09\/locandina2025.jpeg\" \/>\n<script type=\"application\/ld+json\" class=\"yoast-schema-graph\">{\"@context\":\"https:\/\/schema.org\",\"@graph\":[{\"@type\":\"WebPage\",\"@id\":\"https:\/\/firenzegioca.it\/progioco\/ludo-in-fiera\/associazioni-ludo-in-fiera\/\",\"url\":\"https:\/\/firenzegioca.it\/progioco\/ludo-in-fiera\/associazioni-ludo-in-fiera\/\",\"name\":\"Associazioni Ludo in Fiera - Ludo in Fiera 2025\",\"isPartOf\":{\"@id\":\"https:\/\/firenzegioca.it\/progioco\/#website\"},\"datePublished\":\"2024-10-02T14:06:38+00:00\",\"dateModified\":\"2025-10-11T09:16:12+00:00\",\"breadcrumb\":{\"@id\":\"https:\/\/firenzegioca.it\/progioco\/ludo-in-fiera\/associazioni-ludo-in-fiera\/#breadcrumb\"},\"inLanguage\":\"it-IT\",\"potentialAction\":[{\"@type\":\"ReadAction\",\"target\":[\"https:\/\/firenzegioca.it\/progioco\/ludo-in-fiera\/associazioni-ludo-in-fiera\/\"]}]},{\"@type\":\"BreadcrumbList\",\"@id\":\"https:\/\/firenzegioca.it\/progioco\/ludo-in-fiera\/associazioni-ludo-in-fiera\/#breadcrumb\",\"itemListElement\":[{\"@type\":\"ListItem\",\"position\":1,\"name\":\"Home\",\"item\":\"https:\/\/firenzegioca.it\/progioco\/\"},{\"@type\":\"ListItem\",\"position\":2,\"name\":\"Ludo in Fiera\",\"item\":\"https:\/\/firenzegioca.it\/progioco\/ludo-in-fiera\/\"},{\"@type\":\"ListItem\",\"position\":3,\"name\":\"Associazioni Ludo in Fiera\"}]},{\"@type\":\"WebSite\",\"@id\":\"https:\/\/firenzegioca.it\/progioco\/#website\",\"url\":\"https:\/\/firenzegioca.it\/progioco\/\",\"name\":\"Firenzegioca\",\"description\":\"E io la fo&#039; giocare!\",\"potentialAction\":[{\"@type\":\"SearchAction\",\"target\":{\"@type\":\"EntryPoint\",\"urlTemplate\":\"https:\/\/firenzegioca.it\/progioco\/?s={search_term_string}\"},\"query-input\":\"required name=search_term_string\"}],\"inLanguage\":\"it-IT\"}]}<\/script>\n<!-- \/ Yoast SEO plugin. -->","yoast_head_json":{"title":"Associazioni Ludo in Fiera - Ludo in Fiera 2025","robots":{"index":"index","follow":"follow","max-snippet":"max-snippet:-1","max-image-preview":"max-image-preview:large","max-video-preview":"max-video-preview:-1"},"canonical":"https:\/\/firenzegioca.it\/progioco\/ludo-in-fiera\/associazioni-ludo-in-fiera\/","og_locale":"it_IT","og_type":"article","og_title":"Associazioni Ludo in Fiera - Ludo in Fiera 2025","og_description":"Tantissime le realt\u00e0 associative partecipanti! Proprio come anno scorso, nella prima edizione di Ludo in Fiera, le associazioni che ci accompagneranno sono numerose, a partire da ProGioco Firenze e tutte...","og_url":"https:\/\/firenzegioca.it\/progioco\/ludo-in-fiera\/associazioni-ludo-in-fiera\/","og_site_name":"Firenzegioca","article_modified_time":"2025-10-11T09:16:12+00:00","og_image":[{"width":905,"height":1280,"url":"https:\/\/firenzegioca.it\/progioco\/wp-content\/uploads\/2025\/09\/locandina2025.jpeg","type":"image\/jpeg"}],"twitter_card":"summary_large_image","twitter_image":"https:\/\/firenzegioca.it\/progioco\/wp-content\/uploads\/2025\/09\/locandina2025.jpeg","schema":{"@context":"https:\/\/schema.org","@graph":[{"@type":"WebPage","@id":"https:\/\/firenzegioca.it\/progioco\/ludo-in-fiera\/associazioni-ludo-in-fiera\/","url":"https:\/\/firenzegioca.it\/progioco\/ludo-in-fiera\/associazioni-ludo-in-fiera\/","name":"Associazioni Ludo in Fiera - Ludo in Fiera 2025","isPartOf":{"@id":"https:\/\/firenzegioca.it\/progioco\/#website"},"datePublished":"2024-10-02T14:06:38+00:00","dateModified":"2025-10-11T09:16:12+00:00","breadcrumb":{"@id":"https:\/\/firenzegioca.it\/progioco\/ludo-in-fiera\/associazioni-ludo-in-fiera\/#breadcrumb"},"inLanguage":"it-IT","potentialAction":[{"@type":"ReadAction","target":["https:\/\/firenzegioca.it\/progioco\/ludo-in-fiera\/associazioni-ludo-in-fiera\/"]}]},{"@type":"BreadcrumbList","@id":"https:\/\/firenzegioca.it\/progioco\/ludo-in-fiera\/associazioni-ludo-in-fiera\/#breadcrumb","itemListElement":[{"@type":"ListItem","position":1,"name":"Home","item":"https:\/\/firenzegioca.it\/progioco\/"},{"@type":"ListItem","position":2,"name":"Ludo in Fiera","item":"https:\/\/firenzegioca.it\/progioco\/ludo-in-fiera\/"},{"@type":"ListItem","position":3,"name":"Associazioni Ludo in Fiera"}]},{"@type":"WebSite","@id":"https:\/\/firenzegioca.it\/progioco\/#website","url":"https:\/\/firenzegioca.it\/progioco\/","name":"Firenzegioca","description":"E io la fo&#039; giocare!","potentialAction":[{"@type":"SearchAction","target":{"@type":"EntryPoint","urlTemplate":"https:\/\/firenzegioca.it\/progioco\/?s={search_term_string}"},"query-input":"required name=search_term_string"}],"inLanguage":"it-IT"}]}},"_links":{"self":[{"href":"https:\/\/firenzegioca.it\/progioco\/wp-json\/wp\/v2\/pages\/6889"}],"collection":[{"href":"https:\/\/firenzegioca.it\/progioco\/wp-json\/wp\/v2\/pages"}],"about":[{"href":"https:\/\/firenzegioca.it\/progioco\/wp-json\/wp\/v2\/types\/page"}],"author":[{"embeddable":true,"href":"https:\/\/firenzegioca.it\/progioco\/wp-json\/wp\/v2\/users\/2"}],"replies":[{"embeddable":true,"href":"https:\/\/firenzegioca.it\/progioco\/wp-json\/wp\/v2\/comments?post=6889"}],"version-history":[{"count":9,"href":"https:\/\/firenzegioca.it\/progioco\/wp-json\/wp\/v2\/pages\/6889\/revisions"}],"predecessor-version":[{"id":8312,"href":"https:\/\/firenzegioca.it\/progioco\/wp-json\/wp\/v2\/pages\/6889\/revisions\/8312"}],"up":[{"embeddable":true,"href":"https:\/\/firenzegioca.it\/progioco\/wp-json\/wp\/v2\/pages\/6765"}],"wp:attachment":[{"href":"https:\/\/firenzegioca.it\/progioco\/wp-json\/wp\/v2\/media?parent=6889"}],"curies":[{"name":"wp","href":"https:\/\/api.w.org\/{rel}","templated":true}]}}