{"id":7281,"date":"2025-07-10T15:56:24","date_gmt":"2025-07-10T13:56:24","guid":{"rendered":"https:\/\/firenzegioca.it\/progioco\/?page_id=7281"},"modified":"2026-04-21T14:19:37","modified_gmt":"2026-04-21T12:19:37","slug":"espositori","status":"publish","type":"page","link":"https:\/\/firenzegioca.it\/progioco\/archivio-firenzegioca-summer-edition-2025\/espositori\/","title":{"rendered":"Espositori (FirenzeGioca 2025 Summer Edition)"},"content":{"rendered":"<div id=\"pl-gb7281-69e8e1dcd102a\"  class=\"panel-layout\" ><div id=\"pg-gb7281-69e8e1dcd102a-0\"  class=\"panel-grid panel-no-style\" ><div id=\"pgc-gb7281-69e8e1dcd102a-0-0\"  class=\"panel-grid-cell\" ><div id=\"panel-gb7281-69e8e1dcd102a-0-0-0\" class=\"so-panel widget widget_siteorigin-panels-postloop panel-first-child panel-last-child\" data-index=\"0\" ><div class=\"content-search panel-widget-style panel-widget-style-for-gb7281-69e8e1dcd102a-0-0-0\" > \n<article id=\"post-7897\" class=\"post-7897 espositore type-espositore status-publish has-post-thumbnail hentry tag-2025-se\" style=\"clear:both;\">\n    <header class=\"entry-header\">\n        <h1 class=\"entry-title\"><a href=\"https:\/\/firenzegioca.it\/progioco\/espositore\/cobblepot-games\/\" rel=\"bookmark\">Cobblepot Games<\/a><\/h1>\n            <\/header><!-- .entry-header -->\n\n    <div class=\"entry-summary\">\n\t\t<div class=\"posts-thumb content-search-thumb\">\n    <a href=\"https:\/\/firenzegioca.it\/progioco\/espositore\/cobblepot-games\/\" title=\"Cobblepot Games\">\n        <img width=\"300\" height=\"270\" src=\"https:\/\/firenzegioca.it\/progioco\/wp-content\/uploads\/2025\/07\/CG_logo-300x270.jpg\" class=\"attachment-medium size-medium wp-post-image\" alt=\"\" loading=\"lazy\" srcset=\"https:\/\/firenzegioca.it\/progioco\/wp-content\/uploads\/2025\/07\/CG_logo-300x270.jpg 300w, https:\/\/firenzegioca.it\/progioco\/wp-content\/uploads\/2025\/07\/CG_logo-768x692.jpg 768w, https:\/\/firenzegioca.it\/progioco\/wp-content\/uploads\/2025\/07\/CG_logo.jpg 1000w\" sizes=\"(max-width: 300px) 100vw, 300px\" \/>    <\/a>\n\t<\/div>\n        <p>Cobblepot Games, fondata nel 2012, si occupa di tutte le fasi di produzione, dalla concezione alla realizzazione finale del gioco, inclusi sviluppo, playtesting, grafica e ingegnerizzazione dei componenti.&nbsp; Stile inglese,&#8230;<\/p>\n    <\/div><!-- .entry-summary -->\n\n    <footer class=\"entry-footer\">\n        <div>\n            \n                    <\/div>\n            <\/footer><!-- .entry-footer -->\n<\/article><!-- #post-## --> \n<article id=\"post-2651\" class=\"post-2651 espositore type-espositore status-publish has-post-thumbnail hentry tag-72 tag-2025-se\" style=\"clear:both;\">\n    <header class=\"entry-header\">\n        <h1 class=\"entry-title\"><a href=\"https:\/\/firenzegioca.it\/progioco\/espositore\/game-firenze\/\" rel=\"bookmark\">Game Firenze<\/a><\/h1>\n            <\/header><!-- .entry-header -->\n\n    <div class=\"entry-summary\">\n\t\t<div class=\"posts-thumb content-search-thumb\">\n    <a href=\"https:\/\/firenzegioca.it\/progioco\/espositore\/game-firenze\/\" title=\"Game Firenze\">\n        <img width=\"300\" height=\"100\" src=\"https:\/\/firenzegioca.it\/progioco\/wp-content\/uploads\/2022\/08\/Logo-Game-Game-300x100.png\" class=\"attachment-medium size-medium wp-post-image\" alt=\"Logo Game\" loading=\"lazy\" srcset=\"https:\/\/firenzegioca.it\/progioco\/wp-content\/uploads\/2022\/08\/Logo-Game-Game-300x100.png 300w, https:\/\/firenzegioca.it\/progioco\/wp-content\/uploads\/2022\/08\/Logo-Game-Game.png 750w\" sizes=\"(max-width: 300px) 100vw, 300px\" \/>    <\/a>\n\t<\/div>\n        <p>Benvenuti al Game! \ud83c\udfb2\u00a0 Game Firenze \u00e8 punto di riferimento per giochi da tavolo, wargame, carte collezionabili e modellismo da gioco. Si trova in via Baracca 168 a Firenze, in&#8230;<\/p>\n    <\/div><!-- .entry-summary -->\n\n    <footer class=\"entry-footer\">\n        <div>\n            \n                    <\/div>\n            <\/footer><!-- .entry-footer -->\n<\/article><!-- #post-## --> \n<article id=\"post-2661\" class=\"post-2661 espositore type-espositore status-publish has-post-thumbnail hentry tag-72 tag-2025-se\" style=\"clear:both;\">\n    <header class=\"entry-header\">\n        <h1 class=\"entry-title\"><a href=\"https:\/\/firenzegioca.it\/progioco\/espositore\/gamelot-il-regno-dei-giochi\/\" rel=\"bookmark\">Gamelot &#8211; Il Regno dei Giochi<\/a><\/h1>\n            <\/header><!-- .entry-header -->\n\n    <div class=\"entry-summary\">\n\t\t<div class=\"posts-thumb content-search-thumb\">\n    <a href=\"https:\/\/firenzegioca.it\/progioco\/espositore\/gamelot-il-regno-dei-giochi\/\" title=\"Gamelot &#8211; Il Regno dei Giochi\">\n        <img width=\"212\" height=\"300\" src=\"https:\/\/firenzegioca.it\/progioco\/wp-content\/uploads\/2022\/08\/LOGO-GAMELOT-212x300.png\" class=\"attachment-medium size-medium wp-post-image\" alt=\"\" loading=\"lazy\" srcset=\"https:\/\/firenzegioca.it\/progioco\/wp-content\/uploads\/2022\/08\/LOGO-GAMELOT-212x300.png 212w, https:\/\/firenzegioca.it\/progioco\/wp-content\/uploads\/2022\/08\/LOGO-GAMELOT-724x1024.png 724w, https:\/\/firenzegioca.it\/progioco\/wp-content\/uploads\/2022\/08\/LOGO-GAMELOT-768x1086.png 768w, https:\/\/firenzegioca.it\/progioco\/wp-content\/uploads\/2022\/08\/LOGO-GAMELOT-1086x1536.png 1086w, https:\/\/firenzegioca.it\/progioco\/wp-content\/uploads\/2022\/08\/LOGO-GAMELOT-1448x2048.png 1448w\" sizes=\"(max-width: 212px) 100vw, 212px\" \/>    <\/a>\n\t<\/div>\n        <p>Gamelot-Il Regno dei Giochi nasce nel 2012 dalla passione per il gioco da tavolo e tutto ci\u00f2 che \u00e8 &#8220;ludico&#8221;; il negozio \u00e8 specializzato in giochi da tavolo e Massimo&#8230;<\/p>\n    <\/div><!-- .entry-summary -->\n\n    <footer class=\"entry-footer\">\n        <div>\n            \n                    <\/div>\n            <\/footer><!-- .entry-footer -->\n<\/article><!-- #post-## --> \n<article id=\"post-7345\" class=\"post-7345 espositore type-espositore status-publish has-post-thumbnail hentry tag-2025-se\" style=\"clear:both;\">\n    <header class=\"entry-header\">\n        <h1 class=\"entry-title\"><a href=\"https:\/\/firenzegioca.it\/progioco\/espositore\/il-nerdozio\/\" rel=\"bookmark\">Il Nerdozio<\/a><\/h1>\n            <\/header><!-- .entry-header -->\n\n    <div class=\"entry-summary\">\n\t\t<div class=\"posts-thumb content-search-thumb\">\n    <a href=\"https:\/\/firenzegioca.it\/progioco\/espositore\/il-nerdozio\/\" title=\"Il Nerdozio\">\n        <img width=\"300\" height=\"83\" src=\"https:\/\/firenzegioca.it\/progioco\/wp-content\/uploads\/2025\/07\/nerdozio-300x83.png\" class=\"attachment-medium size-medium wp-post-image\" alt=\"\" loading=\"lazy\" srcset=\"https:\/\/firenzegioca.it\/progioco\/wp-content\/uploads\/2025\/07\/nerdozio-300x83.png 300w, https:\/\/firenzegioca.it\/progioco\/wp-content\/uploads\/2025\/07\/nerdozio.png 340w\" sizes=\"(max-width: 300px) 100vw, 300px\" \/>    <\/a>\n\t<\/div>\n        <p>Il Nerdozio apre nel 2019 a Figline Valdarno, con lo scopo di dare un luogo di ritrovo agli appassionati di fumetti, giochi di carte e giochi da tavolo di questa&#8230;<\/p>\n    <\/div><!-- .entry-summary -->\n\n    <footer class=\"entry-footer\">\n        <div>\n            \n                    <\/div>\n            <\/footer><!-- .entry-footer -->\n<\/article><!-- #post-## --> \n<article id=\"post-7498\" class=\"post-7498 espositore type-espositore status-publish has-post-thumbnail hentry tag-2025-se\" style=\"clear:both;\">\n    <header class=\"entry-header\">\n        <h1 class=\"entry-title\"><a href=\"https:\/\/firenzegioca.it\/progioco\/espositore\/m-p-edizioni\/\" rel=\"bookmark\">M.P. Edizioni<\/a><\/h1>\n            <\/header><!-- .entry-header -->\n\n    <div class=\"entry-summary\">\n\t\t<div class=\"posts-thumb content-search-thumb\">\n    <a href=\"https:\/\/firenzegioca.it\/progioco\/espositore\/m-p-edizioni\/\" title=\"M.P. Edizioni\">\n        <img width=\"298\" height=\"300\" src=\"https:\/\/firenzegioca.it\/progioco\/wp-content\/uploads\/2025\/07\/Logo-MPE-DEF-copia-Mirko-Pellicioni-298x300.png\" class=\"attachment-medium size-medium wp-post-image\" alt=\"\" loading=\"lazy\" srcset=\"https:\/\/firenzegioca.it\/progioco\/wp-content\/uploads\/2025\/07\/Logo-MPE-DEF-copia-Mirko-Pellicioni-298x300.png 298w, https:\/\/firenzegioca.it\/progioco\/wp-content\/uploads\/2025\/07\/Logo-MPE-DEF-copia-Mirko-Pellicioni-150x150.png 150w, https:\/\/firenzegioca.it\/progioco\/wp-content\/uploads\/2025\/07\/Logo-MPE-DEF-copia-Mirko-Pellicioni.png 503w\" sizes=\"(max-width: 298px) 100vw, 298px\" \/>    <\/a>\n\t<\/div>\n        <p>M.P. Edizioni \u00e8 una piccola realt\u00e0 editoriale che pu\u00f2 vantarsi dell&#8217;esperienza decennale del suo staff nel mondo del gioco di ruolo e dell&#8217;editoria a fumetti (Manga e Anime).Il gruppo di&#8230;<\/p>\n    <\/div><!-- .entry-summary -->\n\n    <footer class=\"entry-footer\">\n        <div>\n            \n                    <\/div>\n            <\/footer><!-- .entry-footer -->\n<\/article><!-- #post-## --> \n<article id=\"post-7280\" class=\"post-7280 espositore type-espositore status-publish has-post-thumbnail hentry tag-2025-se\" style=\"clear:both;\">\n    <header class=\"entry-header\">\n        <h1 class=\"entry-title\"><a href=\"https:\/\/firenzegioca.it\/progioco\/espositore\/toys-lab\/\" rel=\"bookmark\">Toys Lab<\/a><\/h1>\n            <\/header><!-- .entry-header -->\n\n    <div class=\"entry-summary\">\n\t\t<div class=\"posts-thumb content-search-thumb\">\n    <a href=\"https:\/\/firenzegioca.it\/progioco\/espositore\/toys-lab\/\" title=\"Toys Lab\">\n        <img width=\"300\" height=\"300\" src=\"https:\/\/firenzegioca.it\/progioco\/wp-content\/uploads\/2024\/07\/ToysLAb--300x300.jpg\" class=\"attachment-medium size-medium wp-post-image\" alt=\"\" loading=\"lazy\" srcset=\"https:\/\/firenzegioca.it\/progioco\/wp-content\/uploads\/2024\/07\/ToysLAb-.jpg 300w, https:\/\/firenzegioca.it\/progioco\/wp-content\/uploads\/2024\/07\/ToysLAb--150x150.jpg 150w\" sizes=\"(max-width: 300px) 100vw, 300px\" \/>    <\/a>\n\t<\/div>\n        <p>Dal 2019 TOYS LAB promuove socialit\u00e0, inclusione, intrattenimento culturale e ricreativo, divulgazione giochi da tavolo ai ragazzi di et\u00e0 scolare e prescolare attraverso incontri e laboratori creativi. A FirenzeGioca proporr\u00e0&#8230;<\/p>\n    <\/div><!-- .entry-summary -->\n\n    <footer class=\"entry-footer\">\n        <div>\n            \n                    <\/div>\n            <\/footer><!-- .entry-footer -->\n<\/article><!-- #post-## --><\/div><\/div><\/div><\/div><\/div>","protected":false},"excerpt":{"rendered":"","protected":false},"author":2,"featured_media":0,"parent":8328,"menu_order":0,"comment_status":"closed","ping_status":"closed","template":"","meta":{"_price":"","_stock":"","_tribe_ticket_header":"","_tribe_default_ticket_provider":"","_tribe_ticket_capacity":"0","_ticket_start_date":"","_ticket_end_date":"","_tribe_ticket_show_description":"","_tribe_ticket_show_not_going":false,"_tribe_ticket_use_global_stock":"","_tribe_ticket_global_stock_level":"","_global_stock_mode":"","_global_stock_cap":"","_tribe_rsvp_for_event":"","_tribe_ticket_going_count":"","_tribe_ticket_not_going_count":"","_tribe_tickets_list":[],"_tribe_ticket_has_attendee_info_fields":false,"_EventAllDay":false,"_EventTimezone":"","_EventStartDate":"","_EventEndDate":"","_EventStartDateUTC":"","_EventEndDateUTC":"","_EventShowMap":false,"_EventShowMapLink":false,"_EventURL":"","_EventCost":"","_EventCostDescription":"","_EventCurrencySymbol":"","_EventCurrencyCode":"","_EventCurrencyPosition":"","_EventDateTimeSeparator":"","_EventTimeRangeSeparator":"","_EventOrganizerID":[],"_EventVenueID":0,"_OrganizerEmail":"","_OrganizerPhone":"","_OrganizerWebsite":"","_VenueAddress":"","_VenueCity":"","_VenueCountry":"","_VenueProvince":"","_VenueZip":"","_VenuePhone":"","_VenueURL":"","_VenueStateProvince":"","_VenueLat":"","_VenueLng":""},"yoast_head":"<!-- This site is optimized with the Yoast SEO plugin v19.13 - https:\/\/yoast.com\/wordpress\/plugins\/seo\/ -->\n<title>Espositori (FirenzeGioca 2025 Summer Edition) - Ludo in Fiera 2025<\/title>\n<meta name=\"robots\" content=\"index, follow, max-snippet:-1, max-image-preview:large, max-video-preview:-1\" \/>\n<link rel=\"canonical\" href=\"https:\/\/firenzegioca.it\/progioco\/archivio-firenzegioca-summer-edition-2025\/espositori\/\" \/>\n<meta property=\"og:locale\" content=\"it_IT\" \/>\n<meta property=\"og:type\" content=\"article\" \/>\n<meta property=\"og:title\" content=\"Espositori (FirenzeGioca 2025 Summer Edition) - Ludo in Fiera 2025\" \/>\n<meta property=\"og:url\" content=\"https:\/\/firenzegioca.it\/progioco\/archivio-firenzegioca-summer-edition-2025\/espositori\/\" \/>\n<meta property=\"og:site_name\" content=\"Firenzegioca\" \/>\n<meta property=\"article:modified_time\" content=\"2026-04-21T12:19:37+00:00\" \/>\n<meta property=\"og:image\" content=\"https:\/\/firenzegioca.it\/progioco\/wp-content\/uploads\/2025\/09\/ludoinfiera-2025-banner-web-2.jpg\" \/>\n\t<meta property=\"og:image:width\" content=\"2560\" \/>\n\t<meta property=\"og:image:height\" content=\"1207\" \/>\n\t<meta property=\"og:image:type\" content=\"image\/jpeg\" \/>\n<meta name=\"twitter:card\" content=\"summary_large_image\" \/>\n<script type=\"application\/ld+json\" class=\"yoast-schema-graph\">{\"@context\":\"https:\/\/schema.org\",\"@graph\":[{\"@type\":\"WebPage\",\"@id\":\"https:\/\/firenzegioca.it\/progioco\/archivio-firenzegioca-summer-edition-2025\/espositori\/\",\"url\":\"https:\/\/firenzegioca.it\/progioco\/archivio-firenzegioca-summer-edition-2025\/espositori\/\",\"name\":\"Espositori (FirenzeGioca 2025 Summer Edition) - Ludo in Fiera 2025\",\"isPartOf\":{\"@id\":\"https:\/\/firenzegioca.it\/progioco\/#website\"},\"datePublished\":\"2025-07-10T13:56:24+00:00\",\"dateModified\":\"2026-04-21T12:19:37+00:00\",\"breadcrumb\":{\"@id\":\"https:\/\/firenzegioca.it\/progioco\/archivio-firenzegioca-summer-edition-2025\/espositori\/#breadcrumb\"},\"inLanguage\":\"it-IT\",\"potentialAction\":[{\"@type\":\"ReadAction\",\"target\":[\"https:\/\/firenzegioca.it\/progioco\/archivio-firenzegioca-summer-edition-2025\/espositori\/\"]}]},{\"@type\":\"BreadcrumbList\",\"@id\":\"https:\/\/firenzegioca.it\/progioco\/archivio-firenzegioca-summer-edition-2025\/espositori\/#breadcrumb\",\"itemListElement\":[{\"@type\":\"ListItem\",\"position\":1,\"name\":\"Home\",\"item\":\"https:\/\/firenzegioca.it\/progioco\/\"},{\"@type\":\"ListItem\",\"position\":2,\"name\":\"[Archivio] &#8211; FirenzeGioca Summer Edition 2025\",\"item\":\"https:\/\/firenzegioca.it\/progioco\/archivio-firenzegioca-summer-edition-2025\/\"},{\"@type\":\"ListItem\",\"position\":3,\"name\":\"Espositori (FirenzeGioca 2025 Summer Edition)\"}]},{\"@type\":\"WebSite\",\"@id\":\"https:\/\/firenzegioca.it\/progioco\/#website\",\"url\":\"https:\/\/firenzegioca.it\/progioco\/\",\"name\":\"Firenzegioca\",\"description\":\"E io la fo&#039; giocare!\",\"potentialAction\":[{\"@type\":\"SearchAction\",\"target\":{\"@type\":\"EntryPoint\",\"urlTemplate\":\"https:\/\/firenzegioca.it\/progioco\/?s={search_term_string}\"},\"query-input\":\"required name=search_term_string\"}],\"inLanguage\":\"it-IT\"}]}<\/script>\n<!-- \/ Yoast SEO plugin. -->","yoast_head_json":{"title":"Espositori (FirenzeGioca 2025 Summer Edition) - Ludo in Fiera 2025","robots":{"index":"index","follow":"follow","max-snippet":"max-snippet:-1","max-image-preview":"max-image-preview:large","max-video-preview":"max-video-preview:-1"},"canonical":"https:\/\/firenzegioca.it\/progioco\/archivio-firenzegioca-summer-edition-2025\/espositori\/","og_locale":"it_IT","og_type":"article","og_title":"Espositori (FirenzeGioca 2025 Summer Edition) - Ludo in Fiera 2025","og_url":"https:\/\/firenzegioca.it\/progioco\/archivio-firenzegioca-summer-edition-2025\/espositori\/","og_site_name":"Firenzegioca","article_modified_time":"2026-04-21T12:19:37+00:00","og_image":[{"width":2560,"height":1207,"url":"https:\/\/firenzegioca.it\/progioco\/wp-content\/uploads\/2025\/09\/ludoinfiera-2025-banner-web-2.jpg","type":"image\/jpeg"}],"twitter_card":"summary_large_image","schema":{"@context":"https:\/\/schema.org","@graph":[{"@type":"WebPage","@id":"https:\/\/firenzegioca.it\/progioco\/archivio-firenzegioca-summer-edition-2025\/espositori\/","url":"https:\/\/firenzegioca.it\/progioco\/archivio-firenzegioca-summer-edition-2025\/espositori\/","name":"Espositori (FirenzeGioca 2025 Summer Edition) - Ludo in Fiera 2025","isPartOf":{"@id":"https:\/\/firenzegioca.it\/progioco\/#website"},"datePublished":"2025-07-10T13:56:24+00:00","dateModified":"2026-04-21T12:19:37+00:00","breadcrumb":{"@id":"https:\/\/firenzegioca.it\/progioco\/archivio-firenzegioca-summer-edition-2025\/espositori\/#breadcrumb"},"inLanguage":"it-IT","potentialAction":[{"@type":"ReadAction","target":["https:\/\/firenzegioca.it\/progioco\/archivio-firenzegioca-summer-edition-2025\/espositori\/"]}]},{"@type":"BreadcrumbList","@id":"https:\/\/firenzegioca.it\/progioco\/archivio-firenzegioca-summer-edition-2025\/espositori\/#breadcrumb","itemListElement":[{"@type":"ListItem","position":1,"name":"Home","item":"https:\/\/firenzegioca.it\/progioco\/"},{"@type":"ListItem","position":2,"name":"[Archivio] &#8211; FirenzeGioca Summer Edition 2025","item":"https:\/\/firenzegioca.it\/progioco\/archivio-firenzegioca-summer-edition-2025\/"},{"@type":"ListItem","position":3,"name":"Espositori (FirenzeGioca 2025 Summer Edition)"}]},{"@type":"WebSite","@id":"https:\/\/firenzegioca.it\/progioco\/#website","url":"https:\/\/firenzegioca.it\/progioco\/","name":"Firenzegioca","description":"E io la fo&#039; giocare!","potentialAction":[{"@type":"SearchAction","target":{"@type":"EntryPoint","urlTemplate":"https:\/\/firenzegioca.it\/progioco\/?s={search_term_string}"},"query-input":"required name=search_term_string"}],"inLanguage":"it-IT"}]}},"_links":{"self":[{"href":"https:\/\/firenzegioca.it\/progioco\/wp-json\/wp\/v2\/pages\/7281"}],"collection":[{"href":"https:\/\/firenzegioca.it\/progioco\/wp-json\/wp\/v2\/pages"}],"about":[{"href":"https:\/\/firenzegioca.it\/progioco\/wp-json\/wp\/v2\/types\/page"}],"author":[{"embeddable":true,"href":"https:\/\/firenzegioca.it\/progioco\/wp-json\/wp\/v2\/users\/2"}],"replies":[{"embeddable":true,"href":"https:\/\/firenzegioca.it\/progioco\/wp-json\/wp\/v2\/comments?post=7281"}],"version-history":[{"count":3,"href":"https:\/\/firenzegioca.it\/progioco\/wp-json\/wp\/v2\/pages\/7281\/revisions"}],"predecessor-version":[{"id":8334,"href":"https:\/\/firenzegioca.it\/progioco\/wp-json\/wp\/v2\/pages\/7281\/revisions\/8334"}],"up":[{"embeddable":true,"href":"https:\/\/firenzegioca.it\/progioco\/wp-json\/wp\/v2\/pages\/8328"}],"wp:attachment":[{"href":"https:\/\/firenzegioca.it\/progioco\/wp-json\/wp\/v2\/media?parent=7281"}],"curies":[{"name":"wp","href":"https:\/\/api.w.org\/{rel}","templated":true}]}}